{"id":491,"date":"2023-03-18T14:54:33","date_gmt":"2023-03-18T13:54:33","guid":{"rendered":"https::\/\/www.confianz.be\/?page_id=491"},"modified":"2023-03-19T12:34:03","modified_gmt":"2023-03-19T11:34:03","slug":"evaluation-des-biens-immobiliers-en-espagne","status":"publish","type":"page","link":"https:\/\/www.confianz.be\/fr\/waardebepaling-vastgoed-in-spanje-opvragen\/","title":{"rendered":"\u00c9valuation d'un bien immobilier en Espagne"},"content":{"rendered":"<div data-elementor-type=\"wp-page\" data-elementor-id=\"491\" class=\"elementor elementor-491\" data-elementor-post-type=\"page\">\n\t\t\t\t\t\t<section data-dce-background-overlay-color=\"#22559C22\" data-dce-background-image-url=\"https:\/\/www.confianz.be\/app\/uploads\/2023\/03\/benidorm.jpg\" class=\"elementor-section elementor-top-section elementor-element elementor-element-59ec6b5a elementor-section-height-min-height elementor-section-boxed elementor-section-height-default elementor-section-items-middle\" data-id=\"59ec6b5a\" data-element_type=\"section\" data-e-type=\"section\" data-settings=\"{&quot;background_background&quot;:&quot;classic&quot;}\">\n\t\t\t\t\t\t\t<div class=\"elementor-background-overlay\"><\/div>\n\t\t\t\t\t\t\t<div class=\"elementor-container elementor-column-gap-default\">\n\t\t\t\t\t<div class=\"elementor-column elementor-col-100 elementor-top-column elementor-element elementor-element-73d922a0\" data-id=\"73d922a0\" data-element_type=\"column\" data-e-type=\"column\">\n\t\t\t<div class=\"elementor-widget-wrap elementor-element-populated\">\n\t\t\t\t\t\t<div class=\"elementor-element elementor-element-66331cf elementor-widget elementor-widget-heading\" data-id=\"66331cf\" data-element_type=\"widget\" data-e-type=\"widget\" data-widget_type=\"heading.default\">\n\t\t\t\t<div class=\"elementor-widget-container\">\n\t\t\t\t\t<h1 class=\"elementor-heading-title elementor-size-default\">\u00c9valuation d'un bien immobilier en Espagne<\/h1>\t\t\t\t<\/div>\n\t\t\t\t<\/div>\n\t\t\t\t\t<\/div>\n\t\t<\/div>\n\t\t\t\t\t<\/div>\n\t\t<\/section>\n\t\t\t\t<section class=\"elementor-section elementor-top-section elementor-element elementor-element-89748a8 elementor-section-boxed elementor-section-height-default elementor-section-height-default\" data-id=\"89748a8\" data-element_type=\"section\" data-e-type=\"section\">\n\t\t\t\t\t\t<div class=\"elementor-container elementor-column-gap-default\">\n\t\t\t\t\t<div class=\"elementor-column elementor-col-50 elementor-top-column elementor-element elementor-element-c6ceaef animated-fast elementor-invisible\" data-id=\"c6ceaef\" data-element_type=\"column\" data-e-type=\"column\" data-settings=\"{&quot;animation&quot;:&quot;subtleFadeInLeft&quot;,&quot;animation_mobile&quot;:&quot;subtleFadeInUp&quot;}\">\n\t\t\t<div class=\"elementor-widget-wrap elementor-element-populated\">\n\t\t\t\t\t\t<div class=\"elementor-element elementor-element-1001986 elementor-widget elementor-widget-text-editor\" data-id=\"1001986\" data-element_type=\"widget\" data-e-type=\"widget\" data-widget_type=\"text-editor.default\">\n\t\t\t\t<div class=\"elementor-widget-container\">\n\t\t\t\t\t\t\t\t\t<p>Vous h\u00e9ritez d'un bien immobilier en Espagne ? Lors de la d\u00e9claration de la succession, vous devez d\u00e9clarer la valeur de vente du bien. Toutefois, nous constatons que la\u00a0<strong>les h\u00e9ritiers rencontrent des difficult\u00e9s pour \u00e9valuer correctement la propri\u00e9t\u00e9 espagnole.<\/strong>\u00a0C'est pourquoi notre cabinet peut vous aider \u00e0 \u00e9valuer votre propri\u00e9t\u00e9 en Espagne.<\/p><p>Apr\u00e8s tout, les autorit\u00e9s fiscales espagnoles auront un droit de regard sur l'\u00e9volution de la situation.<em>\u00a0outil d'\u00e9valuation\u00a0<\/em>pour les biens immobiliers d\u00e9velopp\u00e9s. La m\u00e9thode d'\u00e9valuation est bas\u00e9e, entre autres, sur les prix de vente de biens similaires dans la r\u00e9gion. Par cons\u00e9quent, nous constatons que ces \u00e9valuations correspondent \u00e0\u00a0<strong>une valeur de march\u00e9 r\u00e9aliste<\/strong>. Les autorit\u00e9s fiscales espagnoles acceptent cette valeur de r\u00e9f\u00e9rence pour la d\u00e9claration de succession en Espagne.<\/p><p>Les \u00e9valuations \u00e9tant tr\u00e8s proches de la valeur de vente potentielle, vous pouvez utiliser ces estimations pour la d\u00e9claration flamande des droits de succession.\u00a0<strong><a href=\"https:\/\/www.confianz.be\/fr\/2022\/08\/04\/declaration-de-succession-avec-biens-espagnols\/\" target=\"_blank\" rel=\"noreferrer noopener\">Pour plus d'informations sur la d\u00e9claration d'un patrimoine immobilier en Espagne, cliquez ici.<\/a><\/strong><\/p><p>Seuls les notaires et les avocats espagnols peuvent demander une \u00e9valuation aux autorit\u00e9s fiscales. Si vous le souhaitez, nous pouvons obtenir une \u00e9valuation fiscale d'un bien immobilier en Espagne. Nous nous efforcerons de vous fournir le certificat fiscal.\u00a0<strong>dans les 10 jours ouvrables<\/strong>\u00a0d\u00e8s r\u00e9ception de vos donn\u00e9es. Vous pourrez ensuite utiliser cette attestation lors du d\u00e9p\u00f4t de votre d\u00e9claration de succession.<\/p>\t\t\t\t\t\t\t\t<\/div>\n\t\t\t\t<\/div>\n\t\t\t\t\t<\/div>\n\t\t<\/div>\n\t\t\t\t<div class=\"elementor-column elementor-col-50 elementor-top-column elementor-element elementor-element-82226cc animated-fast elementor-invisible\" data-id=\"82226cc\" data-element_type=\"column\" data-e-type=\"column\" data-settings=\"{&quot;animation&quot;:&quot;subtleFadeInRight&quot;,&quot;animation_mobile&quot;:&quot;subtleFadeInUp&quot;}\">\n\t\t\t<div class=\"elementor-widget-wrap elementor-element-populated\">\n\t\t\t\t\t\t<div class=\"elementor-element elementor-element-f5178c3 elementor-widget elementor-widget-heading\" data-id=\"f5178c3\" data-element_type=\"widget\" data-e-type=\"widget\" data-widget_type=\"heading.default\">\n\t\t\t\t<div class=\"elementor-widget-container\">\n\t\t\t\t\t<h2 class=\"elementor-heading-title elementor-size-default\">Quels sont les documents dont vous avez besoin ?<\/h2>\t\t\t\t<\/div>\n\t\t\t\t<\/div>\n\t\t\t\t<div class=\"elementor-element elementor-element-8f557cb elementor-widget elementor-widget-text-editor\" data-id=\"8f557cb\" data-element_type=\"widget\" data-e-type=\"widget\" data-widget_type=\"text-editor.default\">\n\t\t\t\t<div class=\"elementor-widget-container\">\n\t\t\t\t\t\t\t\t\t<p>Une seule des pi\u00e8ces suivantes est n\u00e9cessaire :<\/p><ul><li>La facture\/l'avis d'imposition de l'IBI ou de la SUMA (et non la preuve de paiement) ;<\/li><li>ou la feuille cadastrale \"descriptiva y grafica\" ;<\/li><li>Ou le titre de propri\u00e9t\u00e9 de l'Espagne.<\/li><\/ul><p>\u00a0<\/p><p>Avec ces documents, nous pouvons commencer la demande.<\/p>\t\t\t\t\t\t\t\t<\/div>\n\t\t\t\t<\/div>\n\t\t\t\t<div class=\"elementor-element elementor-element-e49a0ba elementor-widget elementor-widget-heading\" data-id=\"e49a0ba\" data-element_type=\"widget\" data-e-type=\"widget\" data-widget_type=\"heading.default\">\n\t\t\t\t<div class=\"elementor-widget-container\">\n\t\t\t\t\t<h2 class=\"elementor-heading-title elementor-size-default\">Comment cela fonctionne-t-il ?\n<\/h2>\t\t\t\t<\/div>\n\t\t\t\t<\/div>\n\t\t\t\t<div class=\"elementor-element elementor-element-b0edc92 elementor-widget elementor-widget-text-editor\" data-id=\"b0edc92\" data-element_type=\"widget\" data-e-type=\"widget\" data-widget_type=\"text-editor.default\">\n\t\t\t\t<div class=\"elementor-widget-container\">\n\t\t\t\t\t\t\t\t\t<p>Si vous souhaitez demander le certificat fiscal aux autorit\u00e9s fiscales espagnoles, veuillez nous contacter, par exemple en utilisant le formulaire de contact ci-dessous. Nous vous fournirons ensuite de plus amples informations sur la succession en Espagne.<\/p>\t\t\t\t\t\t\t\t<\/div>\n\t\t\t\t<\/div>\n\t\t\t\t\t<\/div>\n\t\t<\/div>\n\t\t\t\t\t<\/div>\n\t\t<\/section>\n\t\t\t\t<\/div>","protected":false},"excerpt":{"rendered":"<p>Waardebepaling voor vastgoed in Spanje Erft u vastgoed in Spanje? Bij de aangifte van nalatenschap dient u de verkoopwaarde van het vastgoed aan te geven. Wij merken evenwel dat de\u00a0erfgenamen moeilijkheden ondervinden om het Spaans vastgoed correct te waarderen.\u00a0Daarom kan ons kantoor u helpen met de waardebepaling voor vastgoed in Spanje. De Spaanse belastingdienst heeft [&hellip;]<\/p>\n","protected":false},"author":1,"featured_media":0,"parent":0,"menu_order":0,"comment_status":"closed","ping_status":"closed","template":"","meta":{"_acf_changed":false,"footnotes":""},"class_list":["post-491","page","type-page","status-publish","hentry"],"acf":[],"_links":{"self":[{"href":"https:\/\/www.confianz.be\/fr\/wp-json\/wp\/v2\/pages\/491","targetHints":{"allow":["GET"]}}],"collection":[{"href":"https:\/\/www.confianz.be\/fr\/wp-json\/wp\/v2\/pages"}],"about":[{"href":"https:\/\/www.confianz.be\/fr\/wp-json\/wp\/v2\/types\/page"}],"author":[{"embeddable":true,"href":"https:\/\/www.confianz.be\/fr\/wp-json\/wp\/v2\/users\/1"}],"replies":[{"embeddable":true,"href":"https:\/\/www.confianz.be\/fr\/wp-json\/wp\/v2\/comments?post=491"}],"version-history":[{"count":10,"href":"https:\/\/www.confianz.be\/fr\/wp-json\/wp\/v2\/pages\/491\/revisions"}],"predecessor-version":[{"id":29413,"href":"https:\/\/www.confianz.be\/fr\/wp-json\/wp\/v2\/pages\/491\/revisions\/29413"}],"wp:attachment":[{"href":"https:\/\/www.confianz.be\/fr\/wp-json\/wp\/v2\/media?parent=491"}],"curies":[{"name":"wp","href":"https:\/\/api.w.org\/{rel}","templated":true}]}}