{"id":485,"date":"2023-03-18T14:49:38","date_gmt":"2023-03-18T13:49:38","guid":{"rendered":"https::\/\/www.confianz.be\/?page_id=485"},"modified":"2023-03-19T12:33:23","modified_gmt":"2023-03-19T11:33:23","slug":"declaration-de-succession","status":"publish","type":"page","link":"https:\/\/www.confianz.be\/fr\/aangifte-nalatenschap\/","title":{"rendered":"D\u00e9claration de succession"},"content":{"rendered":"<div data-elementor-type=\"wp-page\" data-elementor-id=\"485\" class=\"elementor elementor-485\" data-elementor-post-type=\"page\">\n\t\t\t\t\t\t<section data-dce-background-overlay-color=\"#22559C22\" data-dce-background-image-url=\"https:\/\/www.confianz.be\/app\/uploads\/2023\/03\/aankoopbegeleiding-spanje.jpeg\" class=\"elementor-section elementor-top-section elementor-element elementor-element-59ec6b5a elementor-section-height-min-height elementor-section-boxed elementor-section-height-default elementor-section-items-middle\" data-id=\"59ec6b5a\" data-element_type=\"section\" data-e-type=\"section\" data-settings=\"{&quot;background_background&quot;:&quot;classic&quot;}\">\n\t\t\t\t\t\t\t<div class=\"elementor-background-overlay\"><\/div>\n\t\t\t\t\t\t\t<div class=\"elementor-container elementor-column-gap-default\">\n\t\t\t\t\t<div class=\"elementor-column elementor-col-100 elementor-top-column elementor-element elementor-element-73d922a0\" data-id=\"73d922a0\" data-element_type=\"column\" data-e-type=\"column\">\n\t\t\t<div class=\"elementor-widget-wrap elementor-element-populated\">\n\t\t\t\t\t\t<div class=\"elementor-element elementor-element-66331cf elementor-widget elementor-widget-heading\" data-id=\"66331cf\" data-element_type=\"widget\" data-e-type=\"widget\" data-widget_type=\"heading.default\">\n\t\t\t\t<div class=\"elementor-widget-container\">\n\t\t\t\t\t<h1 class=\"elementor-heading-title elementor-size-default\">D\u00e9claration de succession<\/h1>\t\t\t\t<\/div>\n\t\t\t\t<\/div>\n\t\t\t\t\t<\/div>\n\t\t<\/div>\n\t\t\t\t\t<\/div>\n\t\t<\/section>\n\t\t\t\t<section class=\"elementor-section elementor-top-section elementor-element elementor-element-89748a8 elementor-section-boxed elementor-section-height-default elementor-section-height-default\" data-id=\"89748a8\" data-element_type=\"section\" data-e-type=\"section\">\n\t\t\t\t\t\t<div class=\"elementor-container elementor-column-gap-default\">\n\t\t\t\t\t<div class=\"elementor-column elementor-col-50 elementor-top-column elementor-element elementor-element-c6ceaef animated-fast elementor-invisible\" data-id=\"c6ceaef\" data-element_type=\"column\" data-e-type=\"column\" data-settings=\"{&quot;animation&quot;:&quot;subtleFadeInLeft&quot;,&quot;animation_mobile&quot;:&quot;subtleFadeInUp&quot;}\">\n\t\t\t<div class=\"elementor-widget-wrap elementor-element-populated\">\n\t\t\t\t\t\t<div class=\"elementor-element elementor-element-438c267 elementor-widget elementor-widget-heading\" data-id=\"438c267\" data-element_type=\"widget\" data-e-type=\"widget\" data-widget_type=\"heading.default\">\n\t\t\t\t<div class=\"elementor-widget-container\">\n\t\t\t\t\t<h2 class=\"elementor-heading-title elementor-size-default\">Importance d'une d\u00e9claration correcte<\/h2>\t\t\t\t<\/div>\n\t\t\t\t<\/div>\n\t\t\t\t<div class=\"elementor-element elementor-element-1001986 elementor-widget elementor-widget-text-editor\" data-id=\"1001986\" data-element_type=\"widget\" data-e-type=\"widget\" data-widget_type=\"text-editor.default\">\n\t\t\t\t<div class=\"elementor-widget-container\">\n\t\t\t\t\t\t\t\t\t<p>Dans le cadre d'une d\u00e9claration de succession, il s'agit de dresser un tableau complet de la situation patrimoniale du testateur. Un patrimoine\u00a0<strong>pr\u00e9paration juridique<\/strong>\u00a0pr\u00e9c\u00e9dent. Quelle est la valeur du bien ? Y a-t-il eu des donations dans le pass\u00e9 ? De quelles exon\u00e9rations et r\u00e9ductions pouvons-nous b\u00e9n\u00e9ficier ? Une bonne pr\u00e9paration est donc cruciale. Les cons\u00e9quences financi\u00e8res sont donc consid\u00e9rables :<strong>\u00a0une d\u00e9claration incorrecte peut entra\u00eener une augmentation des droits de succession, une p\u00e9nalit\u00e9 ou une contestation<\/strong>.<\/p>\t\t\t\t\t\t\t\t<\/div>\n\t\t\t\t<\/div>\n\t\t\t\t<div class=\"elementor-element elementor-element-c0a9881 elementor-widget elementor-widget-heading\" data-id=\"c0a9881\" data-element_type=\"widget\" data-e-type=\"widget\" data-widget_type=\"heading.default\">\n\t\t\t\t<div class=\"elementor-widget-container\">\n\t\t\t\t\t<h2 class=\"elementor-heading-title elementor-size-default\">D\u00e9charge administrative\n<\/h2>\t\t\t\t<\/div>\n\t\t\t\t<\/div>\n\t\t\t\t<div class=\"elementor-element elementor-element-b537394 elementor-widget elementor-widget-text-editor\" data-id=\"b537394\" data-element_type=\"widget\" data-e-type=\"widget\" data-widget_type=\"text-editor.default\">\n\t\t\t\t<div class=\"elementor-widget-container\">\n\t\t\t\t\t\t\t\t\t<p>C'est pourquoi notre cabinet est r\u00e9guli\u00e8rement sollicit\u00e9 pour \u00e9tablir des d\u00e9clarations de succession. Confianz vous offre un package complet. Nous prenons toutes les mesures\u00a0<strong>les t\u00e2ches administratives<\/strong>\u00a0pour vous et votre famille\u00a0<strong>hors des mains<\/strong>.<\/p><p>Non seulement nous obtenons les informations n\u00e9cessaires aupr\u00e8s des organismes officiels, mais nous vous assistons \u00e9galement dans tous les pr\u00e9paratifs. Vous n'avez donc pas \u00e0 vous soucier de ces d\u00e9marches administratives.<\/p>\t\t\t\t\t\t\t\t<\/div>\n\t\t\t\t<\/div>\n\t\t\t\t\t<\/div>\n\t\t<\/div>\n\t\t\t\t<div class=\"elementor-column elementor-col-50 elementor-top-column elementor-element elementor-element-82226cc animated-fast elementor-invisible\" data-id=\"82226cc\" data-element_type=\"column\" data-e-type=\"column\" data-settings=\"{&quot;animation&quot;:&quot;subtleFadeInRight&quot;,&quot;animation_mobile&quot;:&quot;subtleFadeInUp&quot;}\">\n\t\t\t<div class=\"elementor-widget-wrap elementor-element-populated\">\n\t\t\t\t\t\t<div class=\"elementor-element elementor-element-361e46f elementor-widget elementor-widget-heading\" data-id=\"361e46f\" data-element_type=\"widget\" data-e-type=\"widget\" data-widget_type=\"heading.default\">\n\t\t\t\t<div class=\"elementor-widget-container\">\n\t\t\t\t\t<h2 class=\"elementor-heading-title elementor-size-default\">\u00c9galement avec des actifs \u00e9trangers<\/h2>\t\t\t\t<\/div>\n\t\t\t\t<\/div>\n\t\t\t\t<div class=\"elementor-element elementor-element-8b6112b elementor-widget elementor-widget-text-editor\" data-id=\"8b6112b\" data-element_type=\"widget\" data-e-type=\"widget\" data-widget_type=\"text-editor.default\">\n\t\t\t\t<div class=\"elementor-widget-container\">\n\t\t\t\t\t\t\t\t\t<p>Vous avez h\u00e9rit\u00e9 de biens \u00e0 l'\u00e9tranger ? Vous devez \u00e9galement d\u00e9clarer ces biens \u00e9trangers. Confianz est sp\u00e9cialis\u00e9 dans la d\u00e9claration de succession avec des biens \u00e9trangers.<\/p><p>Par exemple, si vous h\u00e9ritez d'une propri\u00e9t\u00e9 espagnole, nous pouvons enregistrer sa valeur correctement et en temps voulu. En outre, nous pouvons \u00e9galement nous occuper du r\u00e8glement en Espagne.\u00a0<a href=\"https:\/\/www.confianz.be\/fr\/2022\/08\/04\/declaration-de-succession-avec-biens-espagnols\/\">Vous trouverez ici de plus amples informations sur la d\u00e9claration pr\u00e9alable de biens immobiliers en Espagne.<\/a><\/p>\t\t\t\t\t\t\t\t<\/div>\n\t\t\t\t<\/div>\n\t\t\t\t<div class=\"elementor-element elementor-element-a7967e1 elementor-widget elementor-widget-heading\" data-id=\"a7967e1\" data-element_type=\"widget\" data-e-type=\"widget\" data-widget_type=\"heading.default\">\n\t\t\t\t<div class=\"elementor-widget-container\">\n\t\t\t\t\t<h2 class=\"elementor-heading-title elementor-size-default\">Communication r\u00e9guli\u00e8re et personnelle\n<\/h2>\t\t\t\t<\/div>\n\t\t\t\t<\/div>\n\t\t\t\t<div class=\"elementor-element elementor-element-6c6b8d9 elementor-widget elementor-widget-text-editor\" data-id=\"6c6b8d9\" data-element_type=\"widget\" data-e-type=\"widget\" data-widget_type=\"text-editor.default\">\n\t\t\t\t<div class=\"elementor-widget-container\">\n\t\t\t\t\t\t\t\t\t<p>Vos r\u00e9actions et commentaires sont importants pour comprendre la situation du testateur (de la famille). Pensez, par exemple, \u00e0 obtenir une \u00e9valuation correcte des actifs.\u00a0<strong>Vos commentaires sont donc les bienvenus.<\/strong>\u00a0C'est pourquoi il est opportun que nous nous rencontrions r\u00e9guli\u00e8rement et personnellement. Confianz a pour objectif de vous informer p\u00e9riodiquement de l'\u00e9tat de la situation.<\/p>\t\t\t\t\t\t\t\t<\/div>\n\t\t\t\t<\/div>\n\t\t\t\t\t<\/div>\n\t\t<\/div>\n\t\t\t\t\t<\/div>\n\t\t<\/section>\n\t\t\t\t<\/div>","protected":false},"excerpt":{"rendered":"<p>Aangifte van nalatenschap Belang van een correcte aangifte Voor een aangifte van nalatenschap dient u heel de vermogenssituatie van de erflater in kaart te brengen. Hier gaat een hele\u00a0juridische voorbereiding\u00a0aan vooraf. Hoe waarderen we het vastgoed? Zijn er in het verleden schenkingen gebeurd? Van welke vrijstellingen en verminderingen kunnen we genieten? Een goede voorbereiding is [&hellip;]<\/p>\n","protected":false},"author":1,"featured_media":0,"parent":0,"menu_order":0,"comment_status":"closed","ping_status":"closed","template":"","meta":{"_acf_changed":false,"footnotes":""},"class_list":["post-485","page","type-page","status-publish","hentry"],"acf":[],"_links":{"self":[{"href":"https:\/\/www.confianz.be\/fr\/wp-json\/wp\/v2\/pages\/485","targetHints":{"allow":["GET"]}}],"collection":[{"href":"https:\/\/www.confianz.be\/fr\/wp-json\/wp\/v2\/pages"}],"about":[{"href":"https:\/\/www.confianz.be\/fr\/wp-json\/wp\/v2\/types\/page"}],"author":[{"embeddable":true,"href":"https:\/\/www.confianz.be\/fr\/wp-json\/wp\/v2\/users\/1"}],"replies":[{"embeddable":true,"href":"https:\/\/www.confianz.be\/fr\/wp-json\/wp\/v2\/comments?post=485"}],"version-history":[{"count":10,"href":"https:\/\/www.confianz.be\/fr\/wp-json\/wp\/v2\/pages\/485\/revisions"}],"predecessor-version":[{"id":29410,"href":"https:\/\/www.confianz.be\/fr\/wp-json\/wp\/v2\/pages\/485\/revisions\/29410"}],"wp:attachment":[{"href":"https:\/\/www.confianz.be\/fr\/wp-json\/wp\/v2\/media?parent=485"}],"curies":[{"name":"wp","href":"https:\/\/api.w.org\/{rel}","templated":true}]}}