{"id":33644,"date":"2026-05-04T16:45:05","date_gmt":"2026-05-04T14:45:05","guid":{"rendered":"https:\/\/www.confianz.be\/?page_id=33644"},"modified":"2026-05-04T17:04:04","modified_gmt":"2026-05-04T15:04:04","slug":"pas-de-service","status":"publish","type":"page","link":"https:\/\/www.confianz.be\/fr\/nie-service\/","title":{"rendered":"Service NIE"},"content":{"rendered":"<div data-elementor-type=\"wp-page\" data-elementor-id=\"33644\" class=\"elementor elementor-33644\" data-elementor-post-type=\"page\">\n\t\t\t\t\t\t<section data-dce-background-overlay-color=\"#22559C22\" data-dce-background-image-url=\"https:\/\/www.confianz.be\/app\/uploads\/2023\/03\/aankoopbegeleiding-spanje.jpeg\" class=\"elementor-section elementor-top-section elementor-element elementor-element-59ec6b5a elementor-section-height-min-height elementor-section-boxed elementor-section-height-default elementor-section-items-middle\" data-id=\"59ec6b5a\" data-element_type=\"section\" data-e-type=\"section\" data-settings=\"{&quot;background_background&quot;:&quot;classic&quot;}\">\n\t\t\t\t\t\t\t<div class=\"elementor-background-overlay\"><\/div>\n\t\t\t\t\t\t\t<div class=\"elementor-container elementor-column-gap-default\">\n\t\t\t\t\t<div class=\"elementor-column elementor-col-100 elementor-top-column elementor-element elementor-element-73d922a0\" data-id=\"73d922a0\" data-element_type=\"column\" data-e-type=\"column\">\n\t\t\t<div class=\"elementor-widget-wrap elementor-element-populated\">\n\t\t\t\t\t\t<div class=\"elementor-element elementor-element-66331cf elementor-widget elementor-widget-heading\" data-id=\"66331cf\" data-element_type=\"widget\" data-e-type=\"widget\" data-widget_type=\"heading.default\">\n\t\t\t\t<div class=\"elementor-widget-container\">\n\t\t\t\t\t<h1 class=\"elementor-heading-title elementor-size-default\">Demande de num\u00e9ro NIE en toute s\u00e9r\u00e9nit\u00e9 : Enti\u00e8rement num\u00e9rique<\/h1>\t\t\t\t<\/div>\n\t\t\t\t<\/div>\n\t\t\t\t\t<\/div>\n\t\t<\/div>\n\t\t\t\t\t<\/div>\n\t\t<\/section>\n\t\t\t\t<section class=\"elementor-section elementor-top-section elementor-element elementor-element-5e71e3df elementor-section-boxed elementor-section-height-default elementor-section-height-default\" data-id=\"5e71e3df\" data-element_type=\"section\" data-e-type=\"section\">\n\t\t\t\t\t\t<div class=\"elementor-container elementor-column-gap-default\">\n\t\t\t\t\t<div class=\"elementor-column elementor-col-100 elementor-top-column elementor-element elementor-element-44688f79\" data-id=\"44688f79\" data-element_type=\"column\" data-e-type=\"column\">\n\t\t\t<div class=\"elementor-widget-wrap elementor-element-populated\">\n\t\t\t\t\t\t<section class=\"elementor-section elementor-inner-section elementor-element elementor-element-1c1aa619 animated-fast elementor-section-boxed elementor-section-height-default elementor-section-height-default elementor-invisible\" data-id=\"1c1aa619\" data-element_type=\"section\" data-e-type=\"section\" data-settings=\"{&quot;animation&quot;:&quot;subtleFadeInUp&quot;}\">\n\t\t\t\t\t\t<div class=\"elementor-container elementor-column-gap-default\">\n\t\t\t\t\t<div class=\"elementor-column elementor-col-100 elementor-inner-column elementor-element elementor-element-58d3a112\" data-id=\"58d3a112\" data-element_type=\"column\" data-e-type=\"column\">\n\t\t\t<div class=\"elementor-widget-wrap elementor-element-populated\">\n\t\t\t\t\t\t<div class=\"elementor-element elementor-element-1e28accd elementor-widget elementor-widget-text-editor\" data-id=\"1e28accd\" data-element_type=\"widget\" data-e-type=\"widget\" data-widget_type=\"text-editor.default\">\n\t\t\t\t<div class=\"elementor-widget-container\">\n\t\t\t\t\t\t\t\t\t<p data-path-to-node=\"5\">Vous r\u00eavez d'avoir une propri\u00e9t\u00e9 en Espagne, vous voulez y travailler ou y ouvrir une entreprise ? Alors, c'est <b data-path-to-node=\"1\" data-index-in-node=\"91\">Num\u00e9ro NIE<\/b> (<i data-path-to-node=\"1\" data-index-in-node=\"103\">Num\u00e9ro d'identification de l'\u00e9tranger<\/i>) votre premi\u00e8re d\u00e9marche essentielle. Normalement, cela signifie un labyrinthe bureaucratique et de longues files d'attente dans les consulats ou les commissariats de police espagnols.<\/p><p data-path-to-node=\"2\">\u00a0<\/p>\t\t\t\t\t\t\t\t<\/div>\n\t\t\t\t<\/div>\n\t\t\t\t<div class=\"elementor-element elementor-element-d314ede elementor-blockquote--skin-border elementor-widget elementor-widget-blockquote\" data-id=\"d314ede\" data-element_type=\"widget\" data-e-type=\"widget\" data-widget_type=\"blockquote.default\">\n\t\t\t\t<div class=\"elementor-widget-container\">\n\t\t\t\t\t\t\t<blockquote class=\"elementor-blockquote\">\n\t\t\t<p class=\"elementor-blockquote__content\">\n\t\t\t\t<span style=\"font-style: normal;white-space: normal\">Avec notre&nbsp;<\/span><span data-path-to-node=\"2\" data-index-in-node=\"9\" style=\"font-weight: 700;font-style: normal;white-space: normal\">Service NIE<\/span><span style=\"font-style: normal;white-space: normal\">&nbsp;nous vous d\u00e9chargeons de tout le travail. Gr\u00e2ce \u00e0 une procuration notari\u00e9e, nous organisons votre demande de A \u00e0 Z, sans que vous ayez \u00e0 quitter votre si\u00e8ge.<\/span>\t\t\t<\/p>\n\t\t\t\t\t<\/blockquote>\n\t\t\t\t\t\t<\/div>\n\t\t\t\t<\/div>\n\t\t\t\t<div class=\"elementor-element elementor-element-8dab001 elementor-widget elementor-widget-text-editor\" data-id=\"8dab001\" data-element_type=\"widget\" data-e-type=\"widget\" data-widget_type=\"text-editor.default\">\n\t\t\t\t<div class=\"elementor-widget-container\">\n\t\t\t\t\t\t\t\t\t<h3 data-path-to-node=\"4\"><b data-path-to-node=\"4\" data-index-in-node=\"0\">Notre processus en 3 \u00e9tapes simples<\/b><\/h3><p data-path-to-node=\"5\">Nous avons enti\u00e8rement num\u00e9ris\u00e9 le processus afin que vous ne perdiez pas un temps pr\u00e9cieux.<\/p><ol start=\"1\" data-path-to-node=\"6\"><li><p data-path-to-node=\"6,0,0\"><b data-path-to-node=\"6,0,0\" data-index-in-node=\"0\">Donn\u00e9es et documents :<\/b> Vous remplissez notre formulaire de demande en ligne. Remplissez vos coordonn\u00e9es et t\u00e9l\u00e9chargez un scan de votre carte d'identit\u00e9 ou de votre passeport. <a href=\"https:\/\/www.confianz.be\/fr\/formulaire-de-non-candidature\/\" target=\"_blank\" rel=\"nofollow noopener\">Vous trouverez le lien ici.\u00a0<\/a><\/p><\/li><li><p data-path-to-node=\"6,1,0\"><b data-path-to-node=\"6,1,0\" data-index-in-node=\"0\">Signature num\u00e9rique :<\/b> Vous signez la procuration notari\u00e9e de mani\u00e8re enti\u00e8rement num\u00e9rique. Cela est juridiquement valable et vous \u00e9vite de vous rendre physiquement chez le notaire. La procuration est r\u00e9dig\u00e9e au format <b>N\u00e9erlandais, espagnol et anglais.<\/b> Le processus de signature est en cours dans le <b>Anglais<\/b>.<\/p><\/li><li><p data-path-to-node=\"6,2,0\"><b data-path-to-node=\"6,2,0\" data-index-in-node=\"0\">Application et livraison :<\/b> Une fois la procuration re\u00e7ue, nous soumettons la demande aux autorit\u00e9s espagnoles. Apr\u00e8s approbation, nous envoyons directement le document officiel NIE. <b>par courrier \u00e9lectronique <\/b>\u00e0 vous.<\/p><\/li><\/ol>\t\t\t\t\t\t\t\t<\/div>\n\t\t\t\t<\/div>\n\t\t\t\t\t<\/div>\n\t\t<\/div>\n\t\t\t\t\t<\/div>\n\t\t<\/section>\n\t\t\t\t\t<\/div>\n\t\t<\/div>\n\t\t\t\t\t<\/div>\n\t\t<\/section>\n\t\t\t\t<section class=\"elementor-section elementor-top-section elementor-element elementor-element-89748a8 elementor-section-boxed elementor-section-height-default elementor-section-height-default\" data-id=\"89748a8\" data-element_type=\"section\" data-e-type=\"section\">\n\t\t\t\t\t\t<div class=\"elementor-container elementor-column-gap-default\">\n\t\t\t\t\t<div class=\"elementor-column elementor-col-50 elementor-top-column elementor-element elementor-element-c6ceaef animated-fast elementor-invisible\" data-id=\"c6ceaef\" data-element_type=\"column\" data-e-type=\"column\" data-settings=\"{&quot;animation&quot;:&quot;subtleFadeInLeft&quot;,&quot;animation_mobile&quot;:&quot;subtleFadeInUp&quot;}\">\n\t\t\t<div class=\"elementor-widget-wrap elementor-element-populated\">\n\t\t\t\t\t\t<div class=\"elementor-element elementor-element-438c267 elementor-widget elementor-widget-heading\" data-id=\"438c267\" data-element_type=\"widget\" data-e-type=\"widget\" data-widget_type=\"heading.default\">\n\t\t\t\t<div class=\"elementor-widget-container\">\n\t\t\t\t\t<h2 class=\"elementor-heading-title elementor-size-default\">Calendrier<\/h2>\t\t\t\t<\/div>\n\t\t\t\t<\/div>\n\t\t\t\t<div class=\"elementor-element elementor-element-1001986 elementor-widget elementor-widget-text-editor\" data-id=\"1001986\" data-element_type=\"widget\" data-e-type=\"widget\" data-widget_type=\"text-editor.default\">\n\t\t\t\t<div class=\"elementor-widget-container\">\n\t\t\t\t\t\t\t\t\t<p>Le d\u00e9lai de traitement d\u00e9pend de la rapidit\u00e9 de la police espagnole. En r\u00e8gle g\u00e9n\u00e9rale, l'ensemble de la proc\u00e9dure prend environ <b>quatre semaines<\/b> saisi. Important :<\/p><ul><li><p data-path-to-node=\"14,0,0\"><b data-path-to-node=\"14,0,0\" data-index-in-node=\"0\">Pas de temps de d\u00e9placement :<\/b> Vous n'avez pas besoin de vous rendre en Espagne ou au consulat.<\/p><\/li><li><p data-path-to-node=\"14,1,0\"><b data-path-to-node=\"14,1,0\" data-index-in-node=\"0\">100% Num\u00e9rique :<\/b> De l'identification \u00e0 la signature.<\/p><\/li><li><p data-path-to-node=\"14,2,0\"><b data-path-to-node=\"14,2,0\" data-index-in-node=\"0\">Expert :<\/b> Nous connaissons la bureaucratie espagnole et nous nous assurons que votre dossier est en ordre imm\u00e9diatement.<\/p><\/li><\/ul><p>\u00a0<\/p>\t\t\t\t\t\t\t\t<\/div>\n\t\t\t\t<\/div>\n\t\t\t\t\t<\/div>\n\t\t<\/div>\n\t\t\t\t<div class=\"elementor-column elementor-col-50 elementor-top-column elementor-element elementor-element-82226cc animated-fast elementor-invisible\" data-id=\"82226cc\" data-element_type=\"column\" data-e-type=\"column\" data-settings=\"{&quot;animation&quot;:&quot;subtleFadeInRight&quot;,&quot;animation_mobile&quot;:&quot;subtleFadeInUp&quot;}\">\n\t\t\t<div class=\"elementor-widget-wrap elementor-element-populated\">\n\t\t\t\t\t\t<div class=\"elementor-element elementor-element-361e46f elementor-widget elementor-widget-heading\" data-id=\"361e46f\" data-element_type=\"widget\" data-e-type=\"widget\" data-widget_type=\"heading.default\">\n\t\t\t\t<div class=\"elementor-widget-container\">\n\t\t\t\t\t<h2 class=\"elementor-heading-title elementor-size-default\">Des tarifs transparents<br><\/h2>\t\t\t\t<\/div>\n\t\t\t\t<\/div>\n\t\t\t\t<div class=\"elementor-element elementor-element-0d69902 elementor-widget elementor-widget-text-editor\" data-id=\"0d69902\" data-element_type=\"widget\" data-e-type=\"widget\" data-widget_type=\"text-editor.default\">\n\t\t\t\t<div class=\"elementor-widget-container\">\n\t\t\t\t\t\t\t\t\t<p data-path-to-node=\"9\">Pas de surprises par la suite. Nous utilisons des taux clairs et fixes pour notre \"de-risking\" complet :<\/p><ul data-path-to-node=\"10\"><li><p data-path-to-node=\"10,0,0\"><b data-path-to-node=\"10,0,0\" data-index-in-node=\"0\">Num\u00e9ro NIE :<\/b> 300 \u20ac par personne.<\/p><\/li><li><p data-path-to-node=\"10,1,0\"><b data-path-to-node=\"10,1,0\" data-index-in-node=\"0\">Frais de notaire procuration :<\/b> environ 450 euros.<\/p><\/li><\/ul><blockquote data-path-to-node=\"11\"><p data-path-to-node=\"11,0\"><b data-path-to-node=\"11,0\" data-index-in-node=\"0\">Conseil pour \u00e9conomiser :<\/b> Une procuration peut \u00eatre utilis\u00e9e pour <b data-path-to-node=\"11,0\" data-index-in-node=\"50\">plusieurs personnes<\/b> en m\u00eame temps (par exemple, pour vous et votre partenaire). Le co\u00fbt de la demande par personne est donc nettement moins \u00e9lev\u00e9 !<\/p><\/blockquote>\t\t\t\t\t\t\t\t<\/div>\n\t\t\t\t<\/div>\n\t\t\t\t\t<\/div>\n\t\t<\/div>\n\t\t\t\t\t<\/div>\n\t\t<\/section>\n\t\t\t\t<section class=\"elementor-section elementor-top-section elementor-element elementor-element-32662a9 elementor-section-boxed elementor-section-height-default elementor-section-height-default\" data-id=\"32662a9\" data-element_type=\"section\" data-e-type=\"section\">\n\t\t\t\t\t\t<div class=\"elementor-container elementor-column-gap-default\">\n\t\t\t\t\t<div class=\"elementor-column elementor-col-100 elementor-top-column elementor-element elementor-element-cec7abc\" data-id=\"cec7abc\" data-element_type=\"column\" data-e-type=\"column\">\n\t\t\t<div class=\"elementor-widget-wrap elementor-element-populated\">\n\t\t\t\t\t\t<div class=\"elementor-element elementor-element-29270be animated-fast elementor-cta--skin-classic elementor-animated-content elementor-bg-transform elementor-bg-transform-zoom-in elementor-invisible elementor-widget elementor-widget-call-to-action\" data-id=\"29270be\" data-element_type=\"widget\" data-e-type=\"widget\" data-settings=\"{&quot;_animation&quot;:&quot;subtleFadeInUp&quot;}\" data-widget_type=\"call-to-action.default\">\n\t\t\t\t<div class=\"elementor-widget-container\">\n\t\t\t\t\t\t\t<div class=\"elementor-cta\">\n\t\t\t\t\t\t\t<div class=\"elementor-cta__content\">\n\t\t\t\t\n\t\t\t\t\t\t\t\t\t<h4 class=\"elementor-cta__title elementor-cta__content-item elementor-content-item\">\n\t\t\t\t\t\tCommencez la demande num\u00e9rique de votre num\u00e9ro NIE ici\t\t\t\t\t<\/h4>\n\t\t\t\t\n\t\t\t\t\n\t\t\t\t\t\t\t\t\t<div class=\"elementor-cta__button-wrapper elementor-cta__content-item elementor-content-item\">\n\t\t\t\t\t<a class=\"elementor-cta__button elementor-button elementor-size-\" href=\"https:\/\/www.confianz.be\/fr\/formulaire-de-non-candidature\/\">\n\t\t\t\t\t\tCommencer ma candidature\t\t\t\t\t<\/a>\n\t\t\t\t\t<\/div>\n\t\t\t\t\t\t\t<\/div>\n\t\t\t\t\t\t\t<div class=\"elementor-ribbon\">\n\t\t\t\t<div class=\"elementor-ribbon-inner\">\n\t\t\t\t\tConseil\t\t\t\t<\/div>\n\t\t\t<\/div>\n\t\t\t\t<\/div>\n\t\t\t\t\t\t<\/div>\n\t\t\t\t<\/div>\n\t\t\t\t\t<\/div>\n\t\t<\/div>\n\t\t\t\t\t<\/div>\n\t\t<\/section>\n\t\t\t\t<section class=\"elementor-section elementor-top-section elementor-element elementor-element-1d780cf elementor-section-boxed elementor-section-height-default elementor-section-height-default\" data-id=\"1d780cf\" data-element_type=\"section\" data-e-type=\"section\">\n\t\t\t\t\t\t<div class=\"elementor-container elementor-column-gap-default\">\n\t\t\t\t\t<div class=\"elementor-column elementor-col-100 elementor-top-column elementor-element elementor-element-d86a666\" data-id=\"d86a666\" data-element_type=\"column\" data-e-type=\"column\">\n\t\t\t<div class=\"elementor-widget-wrap\">\n\t\t\t\t\t\t\t<\/div>\n\t\t<\/div>\n\t\t\t\t\t<\/div>\n\t\t<\/section>\n\t\t\t\t<\/div>","protected":false},"excerpt":{"rendered":"<p>Zorgeloos uw NIE-nummer aanvragen: Volledig Digitaal Droomt u van een woning in Spanje, wilt u er gaan werken of een bedrijf openen? Dan is het NIE-nummer (N\u00famero de Identidad de Extranjero) uw eerste essenti\u00eble stap. Normaal gesproken betekent dit een bureaucratische doolhof en lange wachtrijen bij consulaten of Spaanse politiebureaus. Met onze&nbsp;NIE-service&nbsp;nemen wij al het [&hellip;]<\/p>\n","protected":false},"author":2,"featured_media":0,"parent":0,"menu_order":0,"comment_status":"closed","ping_status":"closed","template":"","meta":{"_acf_changed":false,"footnotes":""},"class_list":["post-33644","page","type-page","status-publish","hentry"],"acf":[],"_links":{"self":[{"href":"https:\/\/www.confianz.be\/fr\/wp-json\/wp\/v2\/pages\/33644","targetHints":{"allow":["GET"]}}],"collection":[{"href":"https:\/\/www.confianz.be\/fr\/wp-json\/wp\/v2\/pages"}],"about":[{"href":"https:\/\/www.confianz.be\/fr\/wp-json\/wp\/v2\/types\/page"}],"author":[{"embeddable":true,"href":"https:\/\/www.confianz.be\/fr\/wp-json\/wp\/v2\/users\/2"}],"replies":[{"embeddable":true,"href":"https:\/\/www.confianz.be\/fr\/wp-json\/wp\/v2\/comments?post=33644"}],"version-history":[{"count":10,"href":"https:\/\/www.confianz.be\/fr\/wp-json\/wp\/v2\/pages\/33644\/revisions"}],"predecessor-version":[{"id":33654,"href":"https:\/\/www.confianz.be\/fr\/wp-json\/wp\/v2\/pages\/33644\/revisions\/33654"}],"wp:attachment":[{"href":"https:\/\/www.confianz.be\/fr\/wp-json\/wp\/v2\/media?parent=33644"}],"curies":[{"name":"wp","href":"https:\/\/api.w.org\/{rel}","templated":true}]}}