{"id":33260,"date":"2025-12-08T11:57:20","date_gmt":"2025-12-08T10:57:20","guid":{"rendered":"https:\/\/www.confianz.be\/?page_id=33260"},"modified":"2025-12-08T12:44:15","modified_gmt":"2025-12-08T11:44:15","slug":"sur-lavocat-niels-vansimpsen","status":"publish","type":"page","link":"https:\/\/www.confianz.be\/fr\/over-advocaat-niels-vansimpsen\/","title":{"rendered":"A propos de l'avocat Niels Vansimpsen"},"content":{"rendered":"<div data-elementor-type=\"wp-page\" data-elementor-id=\"33260\" class=\"elementor elementor-33260\" data-elementor-post-type=\"page\">\n\t\t\t\t\t\t<section data-dce-background-overlay-color=\"#22559C22\" data-dce-background-image-url=\"https:\/\/www.confianz.be\/app\/uploads\/2023\/03\/benidorm.jpg\" class=\"elementor-section elementor-top-section elementor-element elementor-element-59ec6b5a elementor-section-height-min-height elementor-section-boxed elementor-section-height-default elementor-section-items-middle\" data-id=\"59ec6b5a\" data-element_type=\"section\" data-e-type=\"section\" data-settings=\"{&quot;background_background&quot;:&quot;classic&quot;}\">\n\t\t\t\t\t\t\t<div class=\"elementor-background-overlay\"><\/div>\n\t\t\t\t\t\t\t<div class=\"elementor-container elementor-column-gap-default\">\n\t\t\t\t\t<div class=\"elementor-column elementor-col-100 elementor-top-column elementor-element elementor-element-73d922a0\" data-id=\"73d922a0\" data-element_type=\"column\" data-e-type=\"column\">\n\t\t\t<div class=\"elementor-widget-wrap elementor-element-populated\">\n\t\t\t\t\t\t<div class=\"elementor-element elementor-element-66331cf elementor-widget elementor-widget-heading\" data-id=\"66331cf\" data-element_type=\"widget\" data-e-type=\"widget\" data-widget_type=\"heading.default\">\n\t\t\t\t<div class=\"elementor-widget-container\">\n\t\t\t\t\t<h1 class=\"elementor-heading-title elementor-size-default\">\u00c0 propos de Niels Vansimpsen<\/h1>\t\t\t\t<\/div>\n\t\t\t\t<\/div>\n\t\t\t\t\t<\/div>\n\t\t<\/div>\n\t\t\t\t\t<\/div>\n\t\t<\/section>\n\t\t\t\t<section class=\"elementor-section elementor-top-section elementor-element elementor-element-89748a8 elementor-section-boxed elementor-section-height-default elementor-section-height-default\" data-id=\"89748a8\" data-element_type=\"section\" data-e-type=\"section\">\n\t\t\t\t\t\t<div class=\"elementor-container elementor-column-gap-default\">\n\t\t\t\t\t<div class=\"elementor-column elementor-col-100 elementor-top-column elementor-element elementor-element-c6ceaef animated-fast elementor-invisible\" data-id=\"c6ceaef\" data-element_type=\"column\" data-e-type=\"column\" data-settings=\"{&quot;animation&quot;:&quot;subtleFadeInUp&quot;,&quot;animation_mobile&quot;:&quot;subtleFadeInUp&quot;}\">\n\t\t\t<div class=\"elementor-widget-wrap elementor-element-populated\">\n\t\t\t\t\t\t<div class=\"elementor-element elementor-element-1001986 elementor-widget elementor-widget-text-editor\" data-id=\"1001986\" data-element_type=\"widget\" data-e-type=\"widget\" data-widget_type=\"text-editor.default\">\n\t\t\t\t<div class=\"elementor-widget-container\">\n\t\t\t\t\t\t\t\t\t<h2>\u00c0 propos de Niels Vansimpsen<\/h2><p class=\"query-text-line ng-star-inserted\"><a href=\"https:\/\/www.linkedin.com\/in\/niels-vansimpsen-0759568b\/\" target=\"_blank\" rel=\"noopener\">Niels Vansimpsen<\/a> est un juriste exp\u00e9riment\u00e9, sp\u00e9cialis\u00e9 dans le droit de l'environnement et des autorisations, qui a fait ses preuves au Conseil du contentieux des autorisations et au Conseil d'\u00c9tat. Il assiste ses clients dans des dossiers vari\u00e9s, allant des extensions et transformations r\u00e9sidentielles aux projets de d\u00e9molition et de reconstruction, en passant par les plans de construction \u00e0 grande \u00e9chelle. Les changements fonctionnels et les proc\u00e9dures complexes contre diverses autorit\u00e9s font \u00e9galement partie de ses comp\u00e9tences.<\/p><p class=\"query-text-line ng-star-inserted\">Gr\u00e2ce \u00e0 sa connaissance approfondie du droit de l'environnement et \u00e0 sa compr\u00e9hension strat\u00e9gique des proc\u00e9dures, Niels parvient toujours \u00e0 obtenir des r\u00e9sultats dans des dossiers o\u00f9 les int\u00e9r\u00eats des clients et des tiers sont \u00e9troitement li\u00e9s. Son approche combine la pr\u00e9cision technique avec une approche pratique, ce qui lui permet d'agir efficacement tant dans les petits projets r\u00e9sidentiels que dans les dossiers de construction et d'autorisation plus importants et plus complexes.<\/p><p class=\"query-text-line ng-star-inserted\">Gr\u00e2ce \u00e0 cette vaste exp\u00e9rience et \u00e0 ses succ\u00e8s dans divers dossiers, Niels Vansimpsen est consid\u00e9r\u00e9 par ses clients et partenaires comme un conseiller fiable et expert en droit flamand de l'environnement.<\/p>\t\t\t\t\t\t\t\t<\/div>\n\t\t\t\t<\/div>\n\t\t\t\t<div class=\"elementor-element elementor-element-754c36a elementor-widget elementor-widget-image\" data-id=\"754c36a\" data-element_type=\"widget\" data-e-type=\"widget\" data-widget_type=\"image.default\">\n\t\t\t\t<div class=\"elementor-widget-container\">\n\t\t\t\t\t\t\t\t\t\t\t\t\t\t\t<img fetchpriority=\"high\" decoding=\"async\" width=\"322\" height=\"313\" src=\"https:\/\/www.confianz.be\/app\/uploads\/2023\/03\/Niels.jpg\" class=\"attachment-large size-large wp-image-102\" alt=\"Niels Vansimpsen\" srcset=\"https:\/\/www.confianz.be\/app\/uploads\/2023\/03\/Niels.jpg 322w, https:\/\/www.confianz.be\/app\/uploads\/2023\/03\/Niels-300x292.jpg 300w\" sizes=\"(max-width: 322px) 100vw, 322px\" \/>\t\t\t\t\t\t\t\t\t\t\t\t\t\t\t<\/div>\n\t\t\t\t<\/div>\n\t\t\t\t<div class=\"elementor-element elementor-element-00cef68 elementor-widget elementor-widget-heading\" data-id=\"00cef68\" data-element_type=\"widget\" data-e-type=\"widget\" data-widget_type=\"heading.default\">\n\t\t\t\t<div class=\"elementor-widget-container\">\n\t\t\t\t\t<h2 class=\"elementor-heading-title elementor-size-default\">Pourquoi les clients choisissent Niels<\/h2>\t\t\t\t<\/div>\n\t\t\t\t<\/div>\n\t\t\t\t<div class=\"elementor-element elementor-element-10ba24f elementor-widget elementor-widget-text-editor\" data-id=\"10ba24f\" data-element_type=\"widget\" data-e-type=\"widget\" data-widget_type=\"text-editor.default\">\n\t\t\t\t<div class=\"elementor-widget-container\">\n\t\t\t\t\t\t\t\t\t<ul data-path-to-node=\"13\"><li><p data-path-to-node=\"13,0,0\"><b>Une expertise approfondie :<\/b> Des changements de fonction aux probl\u00e8mes d'azote en passant par les questions d'application.<\/p><\/li><li><p data-path-to-node=\"13,1,0\"><b>Contentieux strat\u00e9gique :<\/b> Niels plaide avec d\u00e9termination devant le Conseil du contentieux des permis, le Conseil d'\u00c9tat, la D\u00e9putation permanente et diverses autorit\u00e9s communales.<\/p><\/li><li><p data-path-to-node=\"13,2,0\"><b>Approche pragmatique :<\/b> Niels allie la pr\u00e9cision technique juridique \u00e0 une vision pratique de vos plans de construction.<\/p><\/li><\/ul><div>\u00a0<\/div><p data-path-to-node=\"14\">Qu'il s'agisse d'une extension r\u00e9sidentielle ou d'un projet commercial complexe, Niels veille \u00e0 ce que vos int\u00e9r\u00eats en mati\u00e8re de droit de l'environnement soient d\u00e9fendus au mieux.<\/p><h2 data-path-to-node=\"14\">Expertise\u00a0<\/h2><ul data-path-to-node=\"22\"><li><h3 data-path-to-node=\"22,0,0\"><b>Permis et proc\u00e9dures en mati\u00e8re d'environnement :<\/b><\/h3><ul data-path-to-node=\"22,0,1\"><li><p data-path-to-node=\"22,0,1,0,0\">Orientations sur les demandes et les recours contre les permis environnementaux refus\u00e9s.<\/p><\/li><li><p data-path-to-node=\"22,0,1,1,0\">Litiges au niveau de la <b>Conseil pour les litiges en mati\u00e8re de licences<\/b> et la D\u00e9putation.<\/p><\/li><li><p data-path-to-node=\"22,0,1,2,0\">Conseils sur des questions complexes <b>changements de fonction<\/b> et les questions de destination.<\/p><\/li><\/ul><\/li><\/ul><ul data-path-to-node=\"22\"><li><h3 data-path-to-node=\"22,1,0\"><b>Droit de la construction et zonage :<\/b><\/h3><ul data-path-to-node=\"22,1,1\"><li><p data-path-to-node=\"22,1,1,0,0\">Soutien juridique pour <b>projets de d\u00e9molition et de reconstruction<\/b>.<\/p><\/li><li><p data-path-to-node=\"22,1,1,1,0\">Conseils sur les plans de lotissement et de construction \u00e0 grande \u00e9chelle.<\/p><\/li><li><p data-path-to-node=\"22,1,1,2,0\">R\u00e9soudre les discussions concernant la <b>plan de zonage<\/b> et des r\u00e8glements.<\/p><\/li><\/ul><\/li><\/ul><div>\u00a0<\/div><ul data-path-to-node=\"22\"><li><h3 data-path-to-node=\"22,2,0\"><b>Application et sanction :<\/b><\/h3><ul data-path-to-node=\"22,2,1\"><li><p data-path-to-node=\"22,2,1,0,0\">Aide \u00e0 l'\u00e9tablissement de proc\u00e8s-verbaux en cas d'infraction \u00e0 la l\u00e9gislation sur la construction.<\/p><\/li><li><p data-path-to-node=\"22,2,1,1,0\">Orientations de <b>demandes de r\u00e9gularisation<\/b>.<\/p><\/li><li><p data-path-to-node=\"22,2,1,2,0\">D\u00e9fendre les int\u00e9r\u00eats des clients et des tiers (opposants).<\/p><\/li><\/ul><\/li><\/ul><h2 data-path-to-node=\"23\">M\u00e9thodologie et exp\u00e9rience<\/h2><p data-path-to-node=\"24\">Niels Vansimpsen allie une connaissance approfondie de l'histoire de l'Union europ\u00e9enne \u00e0 une connaissance approfondie de l'histoire de l'Union europ\u00e9enne. <b>Codex de planification (VCRO)<\/b> avec une approche pragmatique du processus. Son exp\u00e9rience lui permet d'anticiper efficacement les arguments des autorit\u00e9s charg\u00e9es de d\u00e9livrer les autorisations. Il repr\u00e9sente une client\u00e8le vari\u00e9e, allant des particuliers dans le cadre d'extensions r\u00e9sidentielles aux promoteurs immobiliers dans le cadre de dossiers immobiliers complexes.<\/p><p data-path-to-node=\"24\">Avant de d\u00e9velopper sa pratique actuelle en tant qu'associ\u00e9, Niels Vansimpsen a acquis une exp\u00e9rience pr\u00e9cieuse au sein de cabinets d'avocats renomm\u00e9s. Sa carri\u00e8re se caract\u00e9rise par une \u00e9volution allant des march\u00e9s publics \u00e0 grande \u00e9chelle au droit de l'environnement hautement sp\u00e9cialis\u00e9.<\/p><h3>D\u00e9veloppement de projets \u00e0 grande \u00e9chelle et march\u00e9s publics<\/h3><p>Au sein du cabinet international PwC Legal (Public Real Estate), Niels a jet\u00e9 les bases de son expertise en mati\u00e8re de transactions immobili\u00e8res complexes et de contrats publics.<\/p><ul><li>Immobilier complexe : il a conseill\u00e9 le d\u00e9veloppement de projets \u00e0 grande \u00e9chelle, y compris un centre commercial de 25 000 m\u00b2, o\u00f9 des questions complexes de voirie (publique ou priv\u00e9e) et de contamination du sol \u00e9taient au centre des pr\u00e9occupations.<\/li><li>Partenariat public-priv\u00e9 (PPP) : Niels a guid\u00e9 les gouvernements f\u00e9d\u00e9raux dans la r\u00e9alisation de portefeuilles immobiliers par le biais d'accords DBF (Design - Build - Finance) et de proc\u00e9dures de n\u00e9gociation.<\/li><li>Droit des march\u00e9s publics : il a r\u00e9dig\u00e9 des cahiers des charges administratifs et conseill\u00e9 les agences flamandes sur les d\u00e9cisions d'attribution dans les secteurs classiques.<\/li><\/ul><h3>Sp\u00e9cialisation approfondie en am\u00e9nagement du territoire<\/h3><p>Niels a ensuite approfondi ses connaissances techniques en tant qu'avocat associ\u00e9 au sein du cabinet de niche Goemans - Van Rooy, o\u00f9 l'accent \u00e9tait mis exclusivement sur l'urbanisme et les litiges.<\/p><ul><li>Dossiers de zonage : il a supervis\u00e9 la construction et l'exploitation d'un centre de soins r\u00e9sidentiels (plus de 70 unit\u00e9s) dans des zones zon\u00e9es, ainsi que des r\u00e9gularisations dans des zones sensibles telles que des parcs r\u00e9sidentiels.<\/li><li>Patrimoine immobilier : Niels a d\u00e9velopp\u00e9 une expertise sp\u00e9cifique dans la supervision des transformations en monuments class\u00e9s et en propri\u00e9t\u00e9s inscrites \u00e0 l'inventaire du patrimoine architectural.<\/li><li>Questions relatives aux lotissements : Il a trait\u00e9 des questions juridiques complexes concernant la caducit\u00e9 des permis de lotir (historiques) et l'interpr\u00e9tation de la construction des routes.<\/li><\/ul><p>\u00a0<\/p><p>Cette combinaison de sens commercial et de profondeur technique fait que Niels aborde aujourd'hui les dossiers avec une vue d'h\u00e9licopt\u00e8re : il veille \u00e0 la fois aux d\u00e9tails juridiques et aux enjeux \u00e9conomiques du projet.<\/p><p data-path-to-node=\"24\">\u00a0<\/p>\t\t\t\t\t\t\t\t<\/div>\n\t\t\t\t<\/div>\n\t\t\t\t\t<\/div>\n\t\t<\/div>\n\t\t\t\t\t<\/div>\n\t\t<\/section>\n\t\t\t\t<section class=\"elementor-section elementor-top-section elementor-element elementor-element-0b610f2 elementor-section-boxed elementor-section-height-default elementor-section-height-default\" data-id=\"0b610f2\" data-element_type=\"section\" data-e-type=\"section\">\n\t\t\t\t\t\t<div class=\"elementor-container elementor-column-gap-default\">\n\t\t\t\t\t<div class=\"elementor-column elementor-col-100 elementor-top-column elementor-element elementor-element-4a19fda\" data-id=\"4a19fda\" data-element_type=\"column\" data-e-type=\"column\">\n\t\t\t<div class=\"elementor-widget-wrap\">\n\t\t\t\t\t\t\t<\/div>\n\t\t<\/div>\n\t\t\t\t\t<\/div>\n\t\t<\/section>\n\t\t\t\t<\/div>","protected":false},"excerpt":{"rendered":"<p>Over Niels Vansimpsen Over Niels Vansimpsen Niels Vansimpsen is een ervaren advocaat gespecialiseerd in omgevings- en vergunningsrecht, met een bewezen staat van dienst bij de Raad voor Vergunningsbetwistingen en de Raad van State. Hij begeleidt cli\u00ebnten bij uiteenlopende dossiers, van woninguitbreidingen en verbouwingen tot sloop- en herbouwprojecten en grootschalige bouwplannen. Ook functiewijzigingen en complexe procedures [&hellip;]<\/p>\n","protected":false},"author":2,"featured_media":0,"parent":0,"menu_order":0,"comment_status":"closed","ping_status":"closed","template":"","meta":{"_acf_changed":false,"footnotes":""},"class_list":["post-33260","page","type-page","status-publish","hentry"],"acf":[],"_links":{"self":[{"href":"https:\/\/www.confianz.be\/fr\/wp-json\/wp\/v2\/pages\/33260","targetHints":{"allow":["GET"]}}],"collection":[{"href":"https:\/\/www.confianz.be\/fr\/wp-json\/wp\/v2\/pages"}],"about":[{"href":"https:\/\/www.confianz.be\/fr\/wp-json\/wp\/v2\/types\/page"}],"author":[{"embeddable":true,"href":"https:\/\/www.confianz.be\/fr\/wp-json\/wp\/v2\/users\/2"}],"replies":[{"embeddable":true,"href":"https:\/\/www.confianz.be\/fr\/wp-json\/wp\/v2\/comments?post=33260"}],"version-history":[{"count":20,"href":"https:\/\/www.confianz.be\/fr\/wp-json\/wp\/v2\/pages\/33260\/revisions"}],"predecessor-version":[{"id":33284,"href":"https:\/\/www.confianz.be\/fr\/wp-json\/wp\/v2\/pages\/33260\/revisions\/33284"}],"wp:attachment":[{"href":"https:\/\/www.confianz.be\/fr\/wp-json\/wp\/v2\/media?parent=33260"}],"curies":[{"name":"wp","href":"https:\/\/api.w.org\/{rel}","templated":true}]}}