{"id":31775,"date":"2024-04-29T14:46:55","date_gmt":"2024-04-29T12:46:55","guid":{"rendered":"https:\/\/www.confianz.be\/?page_id=31775"},"modified":"2024-05-28T10:31:14","modified_gmt":"2024-05-28T08:31:14","slug":"achat-en-espagne-2","status":"publish","type":"page","link":"https:\/\/www.confianz.be\/fr\/inschrijving-vorming-starten-met-verkoop-van-vastgoed-in-spanje\/","title":{"rendered":"Formation d'inscription \"Vendre des biens immobiliers espagnols : l'essentiel du droit pour les agents immobiliers belges\"."},"content":{"rendered":"<div data-elementor-type=\"wp-page\" data-elementor-id=\"31775\" class=\"elementor elementor-31775\" data-elementor-post-type=\"page\">\n\t\t\t\t\t\t<section data-dce-background-overlay-color=\"#22559C22\" data-dce-background-image-url=\"https:\/\/www.confianz.be\/app\/uploads\/2023\/03\/aankoopbegeleiding-spanje.jpeg\" class=\"elementor-section elementor-top-section elementor-element elementor-element-59ec6b5a elementor-section-height-min-height elementor-section-boxed elementor-section-height-default elementor-section-items-middle\" data-id=\"59ec6b5a\" data-element_type=\"section\" data-e-type=\"section\" data-settings=\"{&quot;background_background&quot;:&quot;classic&quot;}\">\n\t\t\t\t\t\t\t<div class=\"elementor-background-overlay\"><\/div>\n\t\t\t\t\t\t\t<div class=\"elementor-container elementor-column-gap-default\">\n\t\t\t\t\t<div class=\"elementor-column elementor-col-100 elementor-top-column elementor-element elementor-element-73d922a0\" data-id=\"73d922a0\" data-element_type=\"column\" data-e-type=\"column\">\n\t\t\t<div class=\"elementor-widget-wrap elementor-element-populated\">\n\t\t\t\t\t\t<div class=\"elementor-element elementor-element-66331cf elementor-widget elementor-widget-heading\" data-id=\"66331cf\" data-element_type=\"widget\" data-e-type=\"widget\" data-widget_type=\"heading.default\">\n\t\t\t\t<div class=\"elementor-widget-container\">\n\t\t\t\t\t<h1 class=\"elementor-heading-title elementor-size-default\">Formation d'inscription \"Vendre des biens immobiliers espagnols : l'essentiel du droit pour les agents immobiliers belges\".<\/h1>\t\t\t\t<\/div>\n\t\t\t\t<\/div>\n\t\t\t\t\t<\/div>\n\t\t<\/div>\n\t\t\t\t\t<\/div>\n\t\t<\/section>\n\t\t\t\t<section class=\"elementor-section elementor-top-section elementor-element elementor-element-5e71e3df elementor-section-boxed elementor-section-height-default elementor-section-height-default\" data-id=\"5e71e3df\" data-element_type=\"section\" data-e-type=\"section\">\n\t\t\t\t\t\t<div class=\"elementor-container elementor-column-gap-default\">\n\t\t\t\t\t<div class=\"elementor-column elementor-col-100 elementor-top-column elementor-element elementor-element-1540c43\" data-id=\"1540c43\" data-element_type=\"column\" data-e-type=\"column\">\n\t\t\t<div class=\"elementor-widget-wrap elementor-element-populated\">\n\t\t\t\t\t\t<div class=\"elementor-element elementor-element-bcc99a1 elementor-widget elementor-widget-text-editor\" data-id=\"bcc99a1\" data-element_type=\"widget\" data-e-type=\"widget\" data-widget_type=\"text-editor.default\">\n\t\t\t\t<div class=\"elementor-widget-container\">\n\t\t\t\t\t\t\t\t\t<h3>Formation BIV : \"Vendre des biens espagnols : l'essentiel du droit pour les agents immobiliers belges\".<\/h3>\t\t\t\t\t\t\t\t<\/div>\n\t\t\t\t<\/div>\n\t\t\t\t\t<\/div>\n\t\t<\/div>\n\t\t\t\t\t<\/div>\n\t\t<\/section>\n\t\t\t\t<section class=\"elementor-section elementor-top-section elementor-element elementor-element-86af471 elementor-section-boxed elementor-section-height-default elementor-section-height-default\" data-id=\"86af471\" data-element_type=\"section\" data-e-type=\"section\">\n\t\t\t\t\t\t<div class=\"elementor-container elementor-column-gap-default\">\n\t\t\t\t\t<div class=\"elementor-column elementor-col-100 elementor-top-column elementor-element elementor-element-619dd14\" data-id=\"619dd14\" data-element_type=\"column\" data-e-type=\"column\">\n\t\t\t<div class=\"elementor-widget-wrap elementor-element-populated\">\n\t\t\t\t\t\t<div class=\"elementor-element elementor-element-835c177 elementor-widget elementor-widget-text-editor\" data-id=\"835c177\" data-element_type=\"widget\" data-e-type=\"widget\" data-widget_type=\"text-editor.default\">\n\t\t\t\t<div class=\"elementor-widget-container\">\n\t\t\t\t\t\t\t\t\t<p style=\"text-align: left;\">Les<strong> webinaire<\/strong>&nbsp;couvre les sujets suivants :<\/p>\n<p>- Quelle est la proc\u00e9dure d'achat d'une propri\u00e9t\u00e9 existante en Espagne ?&nbsp;<\/p>\n<p>- Diff\u00e9rences juridiques entre un plan de rachat en Belgique et en Espagne.&nbsp;<\/p>\n<p>- Quelles sont les r\u00e8gles (espagnoles) applicables \u00e0 la vente d'un bien immobilier en Espagne depuis la Belgique ? De quel type de contrat ai-je besoin ? Lutte contre le blanchiment d'argent.&nbsp;<\/p>\n<p>- Les imp\u00f4ts lors de l'achat, de la possession et de la vente d'un bien immobilier en Espagne.&nbsp;<\/p>\n<p>Les diff\u00e9rents sujets seront expliqu\u00e9s sur la base des r\u00e9glementations espagnoles et des pratiques locales, avec des exemples concrets.<\/p>\n<p><strong>Date et heure<\/strong>Le 18 juin 2024 de 09:00 \u00e0 12:00<\/p>\n<p><strong>La dur\u00e9e<\/strong>: 3 heures<\/p>\n<p><strong>Reconnaissance BIV<\/strong>: 3 heures<\/p>\n<p><strong>Frais de participation<\/strong>95 \u20ac HT par participant, soit un total de 114,95 \u20ac TTC par participant.<\/p>\n<p><strong>Politique d'annulation<\/strong>: pas de remboursement.<\/p>\n<p style=\"text-align: center;\"><strong>L'inscription peut se faire via le formulaire ci-dessous ou via<u> <a href=\"https:\/\/confianz.webinargeek.com\/spaans-vastgoed-verkopen-juridische-essentials-voor-belgische-vastgoedmakelaars-2\" target=\"_blank\" rel=\"noopener\">ce lien<\/a><\/u><\/strong><\/p>\t\t\t\t\t\t\t\t<\/div>\n\t\t\t\t<\/div>\n\t\t\t\t<div class=\"elementor-element elementor-element-77ff535 elementor-widget elementor-widget-html\" data-id=\"77ff535\" data-element_type=\"widget\" data-e-type=\"widget\" data-widget_type=\"html.default\">\n\t\t\t\t<div class=\"elementor-widget-container\">\n\t\t\t\t\t<script src=\"https:\/\/app.webinargeek.com\/assets\/embed-frame.js\" data-webinar=\"c9fbba94-c3d9-4f18-8f12-63e54c422c7e\" type=\"text\/javascript\"><\/script>\t\t\t\t<\/div>\n\t\t\t\t<\/div>\n\t\t\t\t\t<\/div>\n\t\t<\/div>\n\t\t\t\t\t<\/div>\n\t\t<\/section>\n\t\t\t\t<section class=\"elementor-section elementor-top-section elementor-element elementor-element-cd43969 elementor-section-boxed elementor-section-height-default elementor-section-height-default\" data-id=\"cd43969\" data-element_type=\"section\" data-e-type=\"section\">\n\t\t\t\t\t\t<div class=\"elementor-container elementor-column-gap-default\">\n\t\t\t\t\t<div class=\"elementor-column elementor-col-100 elementor-top-column elementor-element elementor-element-66250ef\" data-id=\"66250ef\" data-element_type=\"column\" data-e-type=\"column\">\n\t\t\t<div class=\"elementor-widget-wrap\">\n\t\t\t\t\t\t\t<\/div>\n\t\t<\/div>\n\t\t\t\t\t<\/div>\n\t\t<\/section>\n\t\t\t\t<section class=\"elementor-section elementor-top-section elementor-element elementor-element-9311b63 elementor-section-boxed elementor-section-height-default elementor-section-height-default\" data-id=\"9311b63\" data-element_type=\"section\" data-e-type=\"section\">\n\t\t\t\t\t\t<div class=\"elementor-container elementor-column-gap-default\">\n\t\t\t\t\t<div class=\"elementor-column elementor-col-100 elementor-top-column elementor-element elementor-element-9d41b24\" data-id=\"9d41b24\" data-element_type=\"column\" data-e-type=\"column\">\n\t\t\t<div class=\"elementor-widget-wrap\">\n\t\t\t\t\t\t\t<\/div>\n\t\t<\/div>\n\t\t\t\t\t<\/div>\n\t\t<\/section>\n\t\t\t\t<\/div>","protected":false},"excerpt":{"rendered":"<p>Inschrijving vorming &#8216;Spaans vastgoed verkopen: juridische essentials voor Belgische vastgoedmakelaars&#8217; BIV Vorming: &#8216;Spaans vastgoed verkopen: juridische essentials voor Belgische vastgoedmakelaars&#8217; Het webinar&nbsp;behandelt de volgende onderwerpen: &#8211; Hoe verloopt het koopproces van een bestaande woning in Spanje?&nbsp; &#8211; Juridische verschillen tussen een koop op plan in Belgi\u00eb en Spanje.&nbsp; &#8211; Welke (Spaanse) regelgeving is er van [&hellip;]<\/p>\n","protected":false},"author":2,"featured_media":0,"parent":0,"menu_order":0,"comment_status":"closed","ping_status":"closed","template":"","meta":{"_acf_changed":false,"footnotes":""},"class_list":["post-31775","page","type-page","status-publish","hentry"],"acf":[],"_links":{"self":[{"href":"https:\/\/www.confianz.be\/fr\/wp-json\/wp\/v2\/pages\/31775","targetHints":{"allow":["GET"]}}],"collection":[{"href":"https:\/\/www.confianz.be\/fr\/wp-json\/wp\/v2\/pages"}],"about":[{"href":"https:\/\/www.confianz.be\/fr\/wp-json\/wp\/v2\/types\/page"}],"author":[{"embeddable":true,"href":"https:\/\/www.confianz.be\/fr\/wp-json\/wp\/v2\/users\/2"}],"replies":[{"embeddable":true,"href":"https:\/\/www.confianz.be\/fr\/wp-json\/wp\/v2\/comments?post=31775"}],"version-history":[{"count":62,"href":"https:\/\/www.confianz.be\/fr\/wp-json\/wp\/v2\/pages\/31775\/revisions"}],"predecessor-version":[{"id":31979,"href":"https:\/\/www.confianz.be\/fr\/wp-json\/wp\/v2\/pages\/31775\/revisions\/31979"}],"wp:attachment":[{"href":"https:\/\/www.confianz.be\/fr\/wp-json\/wp\/v2\/media?parent=31775"}],"curies":[{"name":"wp","href":"https:\/\/api.w.org\/{rel}","templated":true}]}}