{"id":29608,"date":"2023-03-19T17:04:23","date_gmt":"2023-03-19T16:04:23","guid":{"rendered":"https::\/\/www.confianz.be\/?page_id=29608"},"modified":"2023-03-19T17:10:00","modified_gmt":"2023-03-19T16:10:00","slug":"acheter-un-bien-immobilier-en-toute-securite-en-espagne","status":"publish","type":"page","link":"https:\/\/www.confianz.be\/fr\/veilig-vastgoed-kopen-in-spanje\/","title":{"rendered":"Acheter une propri\u00e9t\u00e9 en Espagne en toute s\u00e9curit\u00e9"},"content":{"rendered":"<div data-elementor-type=\"wp-page\" data-elementor-id=\"29608\" class=\"elementor elementor-29608\" data-elementor-post-type=\"page\">\n\t\t\t\t\t\t<section data-dce-background-overlay-color=\"#22559C22\" data-dce-background-image-url=\"https:\/\/www.confianz.be\/app\/uploads\/2023\/03\/learning-trust-worship-leaders-1.jpeg\" class=\"elementor-section elementor-top-section elementor-element elementor-element-59ec6b5a elementor-section-height-min-height elementor-section-boxed elementor-section-height-default elementor-section-items-middle\" data-id=\"59ec6b5a\" data-element_type=\"section\" data-e-type=\"section\" data-settings=\"{&quot;background_background&quot;:&quot;classic&quot;}\">\n\t\t\t\t\t\t\t<div class=\"elementor-background-overlay\"><\/div>\n\t\t\t\t\t\t\t<div class=\"elementor-container elementor-column-gap-default\">\n\t\t\t\t\t<div class=\"elementor-column elementor-col-100 elementor-top-column elementor-element elementor-element-73d922a0\" data-id=\"73d922a0\" data-element_type=\"column\" data-e-type=\"column\">\n\t\t\t<div class=\"elementor-widget-wrap elementor-element-populated\">\n\t\t\t\t\t\t<div class=\"elementor-element elementor-element-66331cf elementor-widget elementor-widget-heading\" data-id=\"66331cf\" data-element_type=\"widget\" data-e-type=\"widget\" data-widget_type=\"heading.default\">\n\t\t\t\t<div class=\"elementor-widget-container\">\n\t\t\t\t\t<h1 class=\"elementor-heading-title elementor-size-default\">Acheter une propri\u00e9t\u00e9 en Espagne en toute s\u00e9curit\u00e9<\/h1>\t\t\t\t<\/div>\n\t\t\t\t<\/div>\n\t\t\t\t\t<\/div>\n\t\t<\/div>\n\t\t\t\t\t<\/div>\n\t\t<\/section>\n\t\t\t\t<section class=\"elementor-section elementor-top-section elementor-element elementor-element-5e71e3df elementor-section-boxed elementor-section-height-default elementor-section-height-default\" data-id=\"5e71e3df\" data-element_type=\"section\" data-e-type=\"section\">\n\t\t\t\t\t\t<div class=\"elementor-container elementor-column-gap-default\">\n\t\t\t\t\t<div class=\"elementor-column elementor-col-100 elementor-top-column elementor-element elementor-element-44688f79\" data-id=\"44688f79\" data-element_type=\"column\" data-e-type=\"column\">\n\t\t\t<div class=\"elementor-widget-wrap elementor-element-populated\">\n\t\t\t\t\t\t<section class=\"elementor-section elementor-inner-section elementor-element elementor-element-1c1aa619 elementor-section-boxed elementor-section-height-default elementor-section-height-default\" data-id=\"1c1aa619\" data-element_type=\"section\" data-e-type=\"section\">\n\t\t\t\t\t\t<div class=\"elementor-container elementor-column-gap-default\">\n\t\t\t\t\t<div class=\"elementor-column elementor-col-100 elementor-inner-column elementor-element elementor-element-58d3a112\" data-id=\"58d3a112\" data-element_type=\"column\" data-e-type=\"column\">\n\t\t\t<div class=\"elementor-widget-wrap elementor-element-populated\">\n\t\t\t\t\t\t<div class=\"elementor-element elementor-element-d314ede animated-fast elementor-blockquote--skin-border elementor-invisible elementor-widget elementor-widget-blockquote\" data-id=\"d314ede\" data-element_type=\"widget\" data-e-type=\"widget\" data-settings=\"{&quot;_animation&quot;:&quot;fadeInUp&quot;}\" data-widget_type=\"blockquote.default\">\n\t\t\t\t<div class=\"elementor-widget-container\">\n\t\t\t\t\t\t\t<blockquote class=\"elementor-blockquote\">\n\t\t\t<p class=\"elementor-blockquote__content\">\n\t\t\t\tNous vous accompagnons tout au long du processus d'achat. Confianz offre le <strong>moyen le plus s\u00fbr<\/strong> d'acheter en b\u00e9n\u00e9ficiant d'une orientation ind\u00e9pendante et d'un conseil juridique.\t\t\t<\/p>\n\t\t\t\t\t<\/blockquote>\n\t\t\t\t\t\t<\/div>\n\t\t\t\t<\/div>\n\t\t\t\t\t<\/div>\n\t\t<\/div>\n\t\t\t\t\t<\/div>\n\t\t<\/section>\n\t\t\t\t\t<\/div>\n\t\t<\/div>\n\t\t\t\t\t<\/div>\n\t\t<\/section>\n\t\t\t\t<section class=\"elementor-section elementor-top-section elementor-element elementor-element-89748a8 elementor-section-boxed elementor-section-height-default elementor-section-height-default\" data-id=\"89748a8\" data-element_type=\"section\" data-e-type=\"section\">\n\t\t\t\t\t\t<div class=\"elementor-container elementor-column-gap-default\">\n\t\t\t\t\t<div class=\"elementor-column elementor-col-50 elementor-top-column elementor-element elementor-element-c6ceaef animated-fast elementor-invisible\" data-id=\"c6ceaef\" data-element_type=\"column\" data-e-type=\"column\" data-settings=\"{&quot;animation&quot;:&quot;subtleFadeInLeft&quot;}\">\n\t\t\t<div class=\"elementor-widget-wrap elementor-element-populated\">\n\t\t\t\t\t\t<div class=\"elementor-element elementor-element-8f303d0 elementor-widget elementor-widget-heading\" data-id=\"8f303d0\" data-element_type=\"widget\" data-e-type=\"widget\" data-widget_type=\"heading.default\">\n\t\t\t\t<div class=\"elementor-widget-container\">\n\t\t\t\t\t<h2 class=\"elementor-heading-title elementor-size-default\">Vous envisagez d'acheter une propri\u00e9t\u00e9 en Espagne ?<\/h2>\t\t\t\t<\/div>\n\t\t\t\t<\/div>\n\t\t\t\t<div class=\"elementor-element elementor-element-1e28accd elementor-widget elementor-widget-text-editor\" data-id=\"1e28accd\" data-element_type=\"widget\" data-e-type=\"widget\" data-widget_type=\"text-editor.default\">\n\t\t\t\t<div class=\"elementor-widget-container\">\n\t\t\t\t\t\t\t\t\t<p>Confianz vous aide \u00e0 r\u00e9aliser votre r\u00eave, \u00e9tape par \u00e9tape : nous vous offrons un service de conseil et d'assistance.\u00a0<strong>paquet total\u00a0<\/strong>\u00e0<strong>\u00a0<\/strong>lors de l'achat d'une maison, d'un appartement ou d'un terrain \u00e0 b\u00e2tir. Et ce, dans toute l'Espagne : des \u00eeles Canaries aux Asturies, en passant par la Catalogne et les \u00eeles Bal\u00e9ares.<\/p>\t\t\t\t\t\t\t\t<\/div>\n\t\t\t\t<\/div>\n\t\t\t\t<div class=\"elementor-element elementor-element-8dab001 elementor-widget elementor-widget-text-editor\" data-id=\"8dab001\" data-element_type=\"widget\" data-e-type=\"widget\" data-widget_type=\"text-editor.default\">\n\t\t\t\t<div class=\"elementor-widget-container\">\n\t\t\t\t\t\t\t\t\t<p>En Espagne, il vous est possible de reprendre les dettes et les d\u00e9fauts de construction du vendeur lorsque vous achetez un bien immobilier. Le notaire espagnol n'a pas pour mission de vous informer des risques possibles. Par cons\u00e9quent, il est\u00a0<strong>essentiel<\/strong>\u00a0Effectuer des contr\u00f4les juridiques pr\u00e9alables par nos avocats en Espagne.<\/p>\t\t\t\t\t\t\t\t<\/div>\n\t\t\t\t<\/div>\n\t\t\t\t<div class=\"elementor-element elementor-element-dc51195 elementor-widget elementor-widget-heading\" data-id=\"dc51195\" data-element_type=\"widget\" data-e-type=\"widget\" data-widget_type=\"heading.default\">\n\t\t\t\t<div class=\"elementor-widget-container\">\n\t\t\t\t\t<h2 class=\"elementor-heading-title elementor-size-default\">En quoi consiste le conseil en achat ?<\/h2>\t\t\t\t<\/div>\n\t\t\t\t<\/div>\n\t\t\t\t<div class=\"elementor-element elementor-element-a26c39e elementor-align-start elementor-icon-list--layout-traditional elementor-list-item-link-full_width elementor-widget elementor-widget-icon-list\" data-id=\"a26c39e\" data-element_type=\"widget\" data-e-type=\"widget\" data-widget_type=\"icon-list.default\">\n\t\t\t\t<div class=\"elementor-widget-container\">\n\t\t\t\t\t\t\t<ul class=\"elementor-icon-list-items\">\n\t\t\t\t\t\t\t<li class=\"elementor-icon-list-item\">\n\t\t\t\t\t\t\t\t\t\t\t<span class=\"elementor-icon-list-icon\">\n\t\t\t\t\t\t\t<i aria-hidden=\"true\" class=\"fas fa-check\"><\/i>\t\t\t\t\t\t<\/span>\n\t\t\t\t\t\t\t\t\t\t<span class=\"elementor-icon-list-text\">les contr\u00f4les l\u00e9gaux sur le bien<\/span>\n\t\t\t\t\t\t\t\t\t<\/li>\n\t\t\t\t\t\t\t\t<li class=\"elementor-icon-list-item\">\n\t\t\t\t\t\t\t\t\t\t\t<span class=\"elementor-icon-list-icon\">\n\t\t\t\t\t\t\t<i aria-hidden=\"true\" class=\"fas fa-check\"><\/i>\t\t\t\t\t\t<\/span>\n\t\t\t\t\t\t\t\t\t\t<span class=\"elementor-icon-list-text\">Pr\u00e9paration et\/ou n\u00e9gociation du contrat de r\u00e9servation et d'achat<\/span>\n\t\t\t\t\t\t\t\t\t<\/li>\n\t\t\t\t\t\t\t\t<li class=\"elementor-icon-list-item\">\n\t\t\t\t\t\t\t\t\t\t\t<span class=\"elementor-icon-list-icon\">\n\t\t\t\t\t\t\t<i aria-hidden=\"true\" class=\"fas fa-check\"><\/i>\t\t\t\t\t\t<\/span>\n\t\t\t\t\t\t\t\t\t\t<span class=\"elementor-icon-list-text\">demande de num\u00e9ros NIE et\/ou d'enregistrement de votre soci\u00e9t\u00e9 en Espagne<\/span>\n\t\t\t\t\t\t\t\t\t<\/li>\n\t\t\t\t\t\t\t\t<li class=\"elementor-icon-list-item\">\n\t\t\t\t\t\t\t\t\t\t\t<span class=\"elementor-icon-list-icon\">\n\t\t\t\t\t\t\t<i aria-hidden=\"true\" class=\"fas fa-check\"><\/i>\t\t\t\t\t\t<\/span>\n\t\t\t\t\t\t\t\t\t\t<span class=\"elementor-icon-list-text\">l'\u00e9tablissement de la procuration notari\u00e9e<\/span>\n\t\t\t\t\t\t\t\t\t<\/li>\n\t\t\t\t\t\t\t\t<li class=\"elementor-icon-list-item\">\n\t\t\t\t\t\t\t\t\t\t\t<span class=\"elementor-icon-list-icon\">\n\t\t\t\t\t\t\t<i aria-hidden=\"true\" class=\"fas fa-check\"><\/i>\t\t\t\t\t\t<\/span>\n\t\t\t\t\t\t\t\t\t\t<span class=\"elementor-icon-list-text\">r\u00e9daction de l'acte notari\u00e9 de vente espagnol<\/span>\n\t\t\t\t\t\t\t\t\t<\/li>\n\t\t\t\t\t\t\t\t<li class=\"elementor-icon-list-item\">\n\t\t\t\t\t\t\t\t\t\t\t<span class=\"elementor-icon-list-icon\">\n\t\t\t\t\t\t\t<i aria-hidden=\"true\" class=\"fas fa-check\"><\/i>\t\t\t\t\t\t<\/span>\n\t\t\t\t\t\t\t\t\t\t<span class=\"elementor-icon-list-text\">enregistrement de nouveaux titres de propri\u00e9t\u00e9<\/span>\n\t\t\t\t\t\t\t\t\t<\/li>\n\t\t\t\t\t\t\t\t<li class=\"elementor-icon-list-item\">\n\t\t\t\t\t\t\t\t\t\t\t<span class=\"elementor-icon-list-icon\">\n\t\t\t\t\t\t\t<i aria-hidden=\"true\" class=\"fas fa-check\"><\/i>\t\t\t\t\t\t<\/span>\n\t\t\t\t\t\t\t\t\t\t<span class=\"elementor-icon-list-text\">d\u00e9claration de la taxe de transfert<\/span>\n\t\t\t\t\t\t\t\t\t<\/li>\n\t\t\t\t\t\t\t\t<li class=\"elementor-icon-list-item\">\n\t\t\t\t\t\t\t\t\t\t\t<span class=\"elementor-icon-list-icon\">\n\t\t\t\t\t\t\t<i aria-hidden=\"true\" class=\"fas fa-check\"><\/i>\t\t\t\t\t\t<\/span>\n\t\t\t\t\t\t\t\t\t\t<span class=\"elementor-icon-list-text\">transfert des services publics<\/span>\n\t\t\t\t\t\t\t\t\t<\/li>\n\t\t\t\t\t\t\t\t<li class=\"elementor-icon-list-item\">\n\t\t\t\t\t\t\t\t\t\t\t<span class=\"elementor-icon-list-icon\">\n\t\t\t\t\t\t\t<i aria-hidden=\"true\" class=\"fas fa-check\"><\/i>\t\t\t\t\t\t<\/span>\n\t\t\t\t\t\t\t\t\t\t<span class=\"elementor-icon-list-text\">d\u00e9clarations fiscales annuelles pour les non-r\u00e9sidents<\/span>\n\t\t\t\t\t\t\t\t\t<\/li>\n\t\t\t\t\t\t<\/ul>\n\t\t\t\t\t\t<\/div>\n\t\t\t\t<\/div>\n\t\t\t\t\t<\/div>\n\t\t<\/div>\n\t\t\t\t<div class=\"elementor-column elementor-col-50 elementor-top-column elementor-element elementor-element-82226cc\" data-id=\"82226cc\" data-element_type=\"column\" data-e-type=\"column\">\n\t\t\t<div class=\"elementor-widget-wrap elementor-element-populated\">\n\t\t\t\t\t\t<div class=\"elementor-element elementor-element-dc0eee2 animated-fast elementor-invisible elementor-widget elementor-widget-image\" data-id=\"dc0eee2\" data-element_type=\"widget\" data-e-type=\"widget\" data-settings=\"{&quot;_animation&quot;:&quot;subtleFadeInRight&quot;}\" data-widget_type=\"image.default\">\n\t\t\t\t<div class=\"elementor-widget-container\">\n\t\t\t\t\t\t\t\t\t\t\t\t\t\t\t<img fetchpriority=\"high\" decoding=\"async\" width=\"800\" height=\"389\" src=\"https:\/\/www.confianz.be\/app\/uploads\/2023\/03\/learning-trust-worship-leaders-1-1024x498.jpeg\" class=\"attachment-large size-large wp-image-29613\" alt=\"Apprentissage, confiance, culte, dirigeants\" srcset=\"https:\/\/www.confianz.be\/app\/uploads\/2023\/03\/learning-trust-worship-leaders-1-1024x498.jpeg 1024w, https:\/\/www.confianz.be\/app\/uploads\/2023\/03\/learning-trust-worship-leaders-1-300x146.jpeg 300w, https:\/\/www.confianz.be\/app\/uploads\/2023\/03\/learning-trust-worship-leaders-1-768x374.jpeg 768w, https:\/\/www.confianz.be\/app\/uploads\/2023\/03\/learning-trust-worship-leaders-1.jpeg 1200w\" sizes=\"(max-width: 800px) 100vw, 800px\" \/>\t\t\t\t\t\t\t\t\t\t\t\t\t\t\t<\/div>\n\t\t\t\t<\/div>\n\t\t\t\t<div class=\"elementor-element elementor-element-905598a elementor-widget elementor-widget-heading\" data-id=\"905598a\" data-element_type=\"widget\" data-e-type=\"widget\" data-widget_type=\"heading.default\">\n\t\t\t\t<div class=\"elementor-widget-container\">\n\t\t\t\t\t<h2 class=\"elementor-heading-title elementor-size-default\">Bureaux en Espagne et \u00e0 Schilde (Anvers)<\/h2>\t\t\t\t<\/div>\n\t\t\t\t<\/div>\n\t\t\t\t<div class=\"elementor-element elementor-element-83ec707 elementor-widget elementor-widget-text-editor\" data-id=\"83ec707\" data-element_type=\"widget\" data-e-type=\"widget\" data-widget_type=\"text-editor.default\">\n\t\t\t\t<div class=\"elementor-widget-container\">\n\t\t\t\t\t\t\t\t\t<p>Nous avons des bureaux en Belgique et en Espagne. Vous disposez d'un point de contact unique pour obtenir des conseils juridiques dans les deux pays. Rendez-nous visite en\u00a0<strong>Schilde<\/strong>\u00a0ou prendre rendez-vous \u00e0 Marbella.<\/p>\t\t\t\t\t\t\t\t<\/div>\n\t\t\t\t<\/div>\n\t\t\t\t<div class=\"elementor-element elementor-element-3661491 elementor-widget elementor-widget-heading\" data-id=\"3661491\" data-element_type=\"widget\" data-e-type=\"widget\" data-widget_type=\"heading.default\">\n\t\t\t\t<div class=\"elementor-widget-container\">\n\t\t\t\t\t<h2 class=\"elementor-heading-title elementor-size-default\">Plus d'informations ?<\/h2>\t\t\t\t<\/div>\n\t\t\t\t<\/div>\n\t\t\t\t<div class=\"elementor-element elementor-element-b112cfe elementor-widget elementor-widget-text-editor\" data-id=\"b112cfe\" data-element_type=\"widget\" data-e-type=\"widget\" data-widget_type=\"text-editor.default\">\n\t\t\t\t<div class=\"elementor-widget-container\">\n\t\t\t\t\t\t\t\t\t<p>Vous trouverez de nombreuses informations sur notre site web. Pour en savoir plus :<\/p>\n<p><a href=\"https:\/\/www.confianz.be\/fr\/2018\/01\/20\/achat-dun-bien-immobilier-en-espagne\/\"><strong>le processus d'achat en Espagne<\/strong><\/a><\/p>\n<p><strong><a href=\"https:\/\/www.confianz.be\/fr\/2018\/07\/27\/ce-quil-faut-savoir\/\">Quels sont les \u00e9l\u00e9ments \u00e0 prendre en compte lors d'un achat en Espagne ?<\/a><\/strong><\/p>\n<p><a href=\"https:\/\/www.confianz.be\/fr\/category\/espagne\/achat-en-espagne-3\/\"><strong>Informations g\u00e9n\u00e9rales sur l'achat en Espagne<\/strong><\/a><\/p>\n<p>Ou n'h\u00e9sitez pas \u00e0 nous contacter ci-dessous pour une\u00a0<strong>rendez-vous non contraignant\u00a0<\/strong>au bureau ou par vid\u00e9oconf\u00e9rence.<\/p>\t\t\t\t\t\t\t\t<\/div>\n\t\t\t\t<\/div>\n\t\t\t\t\t<\/div>\n\t\t<\/div>\n\t\t\t\t\t<\/div>\n\t\t<\/section>\n\t\t\t\t<\/div>","protected":false},"excerpt":{"rendered":"<p>Veilig vastgoed kopen in Spanje Wij begeleiden u met het hele koopproces. Confianz biedt de veiligste manier om te kopen door onafhankelijke begeleiding en juridisch advies. Overweegt u de aankoop van vastgoed in Spanje? Confianz helpt u stap voor stap bij het realiseren van uw droom: wij bieden een\u00a0totaalpakket\u00a0aan\u00a0bij de aankoop van een woning, appartement [&hellip;]<\/p>\n","protected":false},"author":1,"featured_media":0,"parent":0,"menu_order":0,"comment_status":"closed","ping_status":"closed","template":"","meta":{"_acf_changed":false,"footnotes":""},"class_list":["post-29608","page","type-page","status-publish","hentry"],"acf":[],"_links":{"self":[{"href":"https:\/\/www.confianz.be\/fr\/wp-json\/wp\/v2\/pages\/29608","targetHints":{"allow":["GET"]}}],"collection":[{"href":"https:\/\/www.confianz.be\/fr\/wp-json\/wp\/v2\/pages"}],"about":[{"href":"https:\/\/www.confianz.be\/fr\/wp-json\/wp\/v2\/types\/page"}],"author":[{"embeddable":true,"href":"https:\/\/www.confianz.be\/fr\/wp-json\/wp\/v2\/users\/1"}],"replies":[{"embeddable":true,"href":"https:\/\/www.confianz.be\/fr\/wp-json\/wp\/v2\/comments?post=29608"}],"version-history":[{"count":7,"href":"https:\/\/www.confianz.be\/fr\/wp-json\/wp\/v2\/pages\/29608\/revisions"}],"predecessor-version":[{"id":29616,"href":"https:\/\/www.confianz.be\/fr\/wp-json\/wp\/v2\/pages\/29608\/revisions\/29616"}],"wp:attachment":[{"href":"https:\/\/www.confianz.be\/fr\/wp-json\/wp\/v2\/media?parent=29608"}],"curies":[{"name":"wp","href":"https:\/\/api.w.org\/{rel}","templated":true}]}}