{"id":29577,"date":"2023-03-19T16:45:44","date_gmt":"2023-03-19T15:45:44","guid":{"rendered":"https::\/\/www.confianz.be\/?page_id=29577"},"modified":"2023-03-19T16:50:01","modified_gmt":"2023-03-19T15:50:01","slug":"droit-des-successions-en-espagne","status":"publish","type":"page","link":"https:\/\/www.confianz.be\/fr\/erfrecht-in-spanje\/","title":{"rendered":"H\u00e9ritage"},"content":{"rendered":"<div data-elementor-type=\"wp-page\" data-elementor-id=\"29577\" class=\"elementor elementor-29577\" data-elementor-post-type=\"page\">\n\t\t\t\t\t\t<section data-dce-background-overlay-color=\"#22559C22\" data-dce-background-image-url=\"https:\/\/www.confianz.be\/app\/uploads\/2023\/03\/spanje-achtergrond-scaled.jpg\" class=\"elementor-section elementor-top-section elementor-element elementor-element-59ec6b5a elementor-section-height-min-height elementor-section-boxed elementor-section-height-default elementor-section-items-middle\" data-id=\"59ec6b5a\" data-element_type=\"section\" data-e-type=\"section\" data-settings=\"{&quot;background_background&quot;:&quot;classic&quot;}\">\n\t\t\t\t\t\t\t<div class=\"elementor-background-overlay\"><\/div>\n\t\t\t\t\t\t\t<div class=\"elementor-container elementor-column-gap-default\">\n\t\t\t\t\t<div class=\"elementor-column elementor-col-100 elementor-top-column elementor-element elementor-element-73d922a0\" data-id=\"73d922a0\" data-element_type=\"column\" data-e-type=\"column\">\n\t\t\t<div class=\"elementor-widget-wrap elementor-element-populated\">\n\t\t\t\t\t\t<div class=\"elementor-element elementor-element-66331cf elementor-widget elementor-widget-heading\" data-id=\"66331cf\" data-element_type=\"widget\" data-e-type=\"widget\" data-widget_type=\"heading.default\">\n\t\t\t\t<div class=\"elementor-widget-container\">\n\t\t\t\t\t<h1 class=\"elementor-heading-title elementor-size-default\">H\u00e9ritage<\/h1>\t\t\t\t<\/div>\n\t\t\t\t<\/div>\n\t\t\t\t\t<\/div>\n\t\t<\/div>\n\t\t\t\t\t<\/div>\n\t\t<\/section>\n\t\t\t\t<section class=\"elementor-section elementor-top-section elementor-element elementor-element-89748a8 elementor-section-boxed elementor-section-height-default elementor-section-height-default\" data-id=\"89748a8\" data-element_type=\"section\" data-e-type=\"section\">\n\t\t\t\t\t\t<div class=\"elementor-container elementor-column-gap-default\">\n\t\t\t\t\t<div class=\"elementor-column elementor-col-50 elementor-top-column elementor-element elementor-element-c6ceaef animated-fast elementor-invisible\" data-id=\"c6ceaef\" data-element_type=\"column\" data-e-type=\"column\" data-settings=\"{&quot;animation&quot;:&quot;subtleFadeInLeft&quot;,&quot;animation_mobile&quot;:&quot;subtleFadeInUp&quot;}\">\n\t\t\t<div class=\"elementor-widget-wrap elementor-element-populated\">\n\t\t\t\t\t\t<div class=\"elementor-element elementor-element-cc053e0 elementor-widget elementor-widget-text-editor\" data-id=\"cc053e0\" data-element_type=\"widget\" data-e-type=\"widget\" data-widget_type=\"text-editor.default\">\n\t\t\t\t<div class=\"elementor-widget-container\">\n\t\t\t\t\t\t\t\t\t<p>En planifiant votre h\u00e9ritage \u00e0 l'avance, vous \u00e9vitez \u00e0 vos h\u00e9ritiers de se prendre la t\u00eate \u00e0 un moment difficile.<\/p>\t\t\t\t\t\t\t\t<\/div>\n\t\t\t\t<\/div>\n\t\t\t\t<div class=\"elementor-element elementor-element-438c267 elementor-widget elementor-widget-heading\" data-id=\"438c267\" data-element_type=\"widget\" data-e-type=\"widget\" data-widget_type=\"heading.default\">\n\t\t\t\t<div class=\"elementor-widget-container\">\n\t\t\t\t\t<h2 class=\"elementor-heading-title elementor-size-default\">1) Pr\u00e9paration d'un testament local<\/h2>\t\t\t\t<\/div>\n\t\t\t\t<\/div>\n\t\t\t\t<div class=\"elementor-element elementor-element-1001986 elementor-widget elementor-widget-text-editor\" data-id=\"1001986\" data-element_type=\"widget\" data-e-type=\"widget\" data-widget_type=\"text-editor.default\">\n\t\t\t\t<div class=\"elementor-widget-container\">\n\t\t\t\t\t\t\t\t\t<p>Un testament local n'est pas obligatoire. Mais il permet de r\u00e9gler rapidement et facilement votre succession.\u00a0<strong>Cela permettra \u00e0 votre partenaire et \u00e0 vos h\u00e9ritiers d'\u00e9conomiser beaucoup de frais et de formalit\u00e9s administratives.<\/strong><\/p><p>Confianz vous aide \u00e0 r\u00e9diger un testament \u00e9tranger.<\/p>\t\t\t\t\t\t\t\t<\/div>\n\t\t\t\t<\/div>\n\t\t\t\t\t<\/div>\n\t\t<\/div>\n\t\t\t\t<div class=\"elementor-column elementor-col-50 elementor-top-column elementor-element elementor-element-82226cc animated-fast elementor-invisible\" data-id=\"82226cc\" data-element_type=\"column\" data-e-type=\"column\" data-settings=\"{&quot;animation&quot;:&quot;subtleFadeInRight&quot;,&quot;animation_mobile&quot;:&quot;subtleFadeInUp&quot;}\">\n\t\t\t<div class=\"elementor-widget-wrap elementor-element-populated\">\n\t\t\t\t\t\t<div class=\"elementor-element elementor-element-361e46f elementor-widget elementor-widget-heading\" data-id=\"361e46f\" data-element_type=\"widget\" data-e-type=\"widget\" data-widget_type=\"heading.default\">\n\t\t\t\t<div class=\"elementor-widget-container\">\n\t\t\t\t\t<h2 class=\"elementor-heading-title elementor-size-default\">2) Planification de la rel\u00e8ve<\/h2>\t\t\t\t<\/div>\n\t\t\t\t<\/div>\n\t\t\t\t<div class=\"elementor-element elementor-element-286021a elementor-widget elementor-widget-text-editor\" data-id=\"286021a\" data-element_type=\"widget\" data-e-type=\"widget\" data-widget_type=\"text-editor.default\">\n\t\t\t\t<div class=\"elementor-widget-container\">\n\t\t\t\t\t\t\t\t\t<p>Si elles sont planifi\u00e9es, la structuration et le transfert de vos biens \u00e9trangers se traduisent par\u00a0<strong>r\u00e9duction des droits de succession<\/strong>\u00a0pour vos h\u00e9ritiers. Confianz vous conseillera sur les diff\u00e9rentes possibilit\u00e9s, en tenant compte de votre situation personnelle et de vos souhaits.<\/p>\t\t\t\t\t\t\t\t<\/div>\n\t\t\t\t<\/div>\n\t\t\t\t<div class=\"elementor-element elementor-element-7dd29b8 elementor-widget elementor-widget-heading\" data-id=\"7dd29b8\" data-element_type=\"widget\" data-e-type=\"widget\" data-widget_type=\"heading.default\">\n\t\t\t\t<div class=\"elementor-widget-container\">\n\t\t\t\t\t<h2 class=\"elementor-heading-title elementor-size-default\">3) R\u00e8glement d'une succession<\/h2>\t\t\t\t<\/div>\n\t\t\t\t<\/div>\n\t\t\t\t<div class=\"elementor-element elementor-element-c77252e elementor-widget elementor-widget-text-editor\" data-id=\"c77252e\" data-element_type=\"widget\" data-e-type=\"widget\" data-widget_type=\"text-editor.default\">\n\t\t\t\t<div class=\"elementor-widget-container\">\n\t\t\t\t\t\t\t\t\t<p>Confianz vous assiste dans le r\u00e8glement complet d'une succession en Espagne, au Portugal et en France. En outre, nous nous chargeons de toute l'administration et des d\u00e9clarations pour les droits de succession ou de donation locaux.<\/p>\t\t\t\t\t\t\t\t<\/div>\n\t\t\t\t<\/div>\n\t\t\t\t\t<\/div>\n\t\t<\/div>\n\t\t\t\t\t<\/div>\n\t\t<\/section>\n\t\t\t\t<\/div>","protected":false},"excerpt":{"rendered":"<p>Nalatenschap Door uw erfenis van te voren te plannen, bezorgt u uw erfgenamen een kopzorg minder in een moeilijke tijd. 1) Opmaak van een lokaal testament Een lokaal testament is niet verplicht. Maar hiermee verzekert u wel een snelle en eenvoudige afwikkeling van uw nalatenschap.\u00a0Dit bespaart uw partner en erfgenamen veel kosten en administratieve rompslomp. [&hellip;]<\/p>\n","protected":false},"author":1,"featured_media":0,"parent":0,"menu_order":0,"comment_status":"closed","ping_status":"closed","template":"","meta":{"_acf_changed":false,"footnotes":""},"class_list":["post-29577","page","type-page","status-publish","hentry"],"acf":[],"_links":{"self":[{"href":"https:\/\/www.confianz.be\/fr\/wp-json\/wp\/v2\/pages\/29577","targetHints":{"allow":["GET"]}}],"collection":[{"href":"https:\/\/www.confianz.be\/fr\/wp-json\/wp\/v2\/pages"}],"about":[{"href":"https:\/\/www.confianz.be\/fr\/wp-json\/wp\/v2\/types\/page"}],"author":[{"embeddable":true,"href":"https:\/\/www.confianz.be\/fr\/wp-json\/wp\/v2\/users\/1"}],"replies":[{"embeddable":true,"href":"https:\/\/www.confianz.be\/fr\/wp-json\/wp\/v2\/comments?post=29577"}],"version-history":[{"count":7,"href":"https:\/\/www.confianz.be\/fr\/wp-json\/wp\/v2\/pages\/29577\/revisions"}],"predecessor-version":[{"id":29585,"href":"https:\/\/www.confianz.be\/fr\/wp-json\/wp\/v2\/pages\/29577\/revisions\/29585"}],"wp:attachment":[{"href":"https:\/\/www.confianz.be\/fr\/wp-json\/wp\/v2\/media?parent=29577"}],"curies":[{"name":"wp","href":"https:\/\/api.w.org\/{rel}","templated":true}]}}