{"id":29532,"date":"2023-03-19T16:19:01","date_gmt":"2023-03-19T15:19:01","guid":{"rendered":"https::\/\/www.confianz.be\/?page_id=29532"},"modified":"2024-01-09T22:45:52","modified_gmt":"2024-01-09T21:45:52","slug":"conditions-generales","status":"publish","type":"page","link":"https:\/\/www.confianz.be\/fr\/algemene-voorwaarden\/","title":{"rendered":"Conditions g\u00e9n\u00e9rales d'utilisation"},"content":{"rendered":"<div data-elementor-type=\"wp-page\" data-elementor-id=\"29532\" class=\"elementor elementor-29532\" data-elementor-post-type=\"page\">\n\t\t\t\t\t\t<section data-dce-background-overlay-color=\"#22559C22\" data-dce-background-image-url=\"https:\/\/www.confianz.be\/app\/uploads\/2023\/03\/benidorm.jpg\" class=\"elementor-section elementor-top-section elementor-element elementor-element-59ec6b5a elementor-section-height-min-height elementor-section-boxed elementor-section-height-default elementor-section-items-middle\" data-id=\"59ec6b5a\" data-element_type=\"section\" data-e-type=\"section\" data-settings=\"{&quot;background_background&quot;:&quot;classic&quot;}\">\n\t\t\t\t\t\t\t<div class=\"elementor-background-overlay\"><\/div>\n\t\t\t\t\t\t\t<div class=\"elementor-container elementor-column-gap-default\">\n\t\t\t\t\t<div class=\"elementor-column elementor-col-100 elementor-top-column elementor-element elementor-element-73d922a0\" data-id=\"73d922a0\" data-element_type=\"column\" data-e-type=\"column\">\n\t\t\t<div class=\"elementor-widget-wrap elementor-element-populated\">\n\t\t\t\t\t\t<div class=\"elementor-element elementor-element-66331cf elementor-widget elementor-widget-heading\" data-id=\"66331cf\" data-element_type=\"widget\" data-e-type=\"widget\" data-widget_type=\"heading.default\">\n\t\t\t\t<div class=\"elementor-widget-container\">\n\t\t\t\t\t<h1 class=\"elementor-heading-title elementor-size-default\">Conditions g\u00e9n\u00e9rales d'utilisation<\/h1>\t\t\t\t<\/div>\n\t\t\t\t<\/div>\n\t\t\t\t\t<\/div>\n\t\t<\/div>\n\t\t\t\t\t<\/div>\n\t\t<\/section>\n\t\t\t\t<section class=\"elementor-section elementor-top-section elementor-element elementor-element-784c4bb elementor-section-boxed elementor-section-height-default elementor-section-height-default\" data-id=\"784c4bb\" data-element_type=\"section\" data-e-type=\"section\">\n\t\t\t\t\t\t<div class=\"elementor-container elementor-column-gap-default\">\n\t\t\t\t\t<div class=\"elementor-column elementor-col-100 elementor-top-column elementor-element elementor-element-ba69dc1\" data-id=\"ba69dc1\" data-element_type=\"column\" data-e-type=\"column\">\n\t\t\t<div class=\"elementor-widget-wrap elementor-element-populated\">\n\t\t\t\t\t\t<div class=\"elementor-element elementor-element-29500bb elementor-widget elementor-widget-text-editor\" data-id=\"29500bb\" data-element_type=\"widget\" data-e-type=\"widget\" data-widget_type=\"text-editor.default\">\n\t\t\t\t<div class=\"elementor-widget-container\">\n\t\t\t\t\t\t\t\t\t<p><a href=\"https:\/\/www.confianz.be\/app\/uploads\/2023\/03\/ALGEMENE-VOORWAARDEN-BUITENLAND.pdf\">Consulter les conditions g\u00e9n\u00e9rales de Confianz - \u00e9tranger.<\/a><\/p><p><a href=\"https:\/\/www.confianz.be\/app\/uploads\/2023\/03\/ALGEMENE-VOORWAARDEN-NIELS-1.pdf\">Consultez les conditions g\u00e9n\u00e9rales de Confianz - domestic.<\/a><\/p><p><a href=\"https:\/\/www.confianz.be\/app\/uploads\/2023\/03\/PRIVACYVERKLARING-Confianz-1.pdf\">Consultez la d\u00e9claration de confidentialit\u00e9 de Confianz.\u00a0<\/a><\/p><p><b>Utilisation du site web<\/b><\/p><p><span style=\"color: #333333;\"><span style=\"font-size: 10pt; font-family: Arial, sans-serif;\">Les\u00a0<\/span><span style=\"font-size: 10pt; font-family: Arial, sans-serif;\">ainsi que le code source et le code cible.\u00a0<\/span><span style=\"font-size: 10pt; font-family: Arial, sans-serif;\">le contenu de ce site est prot\u00e9g\u00e9 par des droits d'auteur<\/span><span style=\"font-size: 10pt; font-family: Arial, sans-serif;\">\u00a0et certaines parties du site web peuvent \u00e9galement \u00eatre prot\u00e9g\u00e9s par d'autres droits de propri\u00e9t\u00e9 intellectuelle et, dans tous les cas, ne peuvent \u00eatre reproduits sans l'accord \u00e9crit du ou des d\u00e9tenteurs des droits.<\/span><u><\/u><u><\/u><\/span><\/p><p><span style=\"color: #333333;\"><span style=\"font-size: 10pt; font-family: Arial, sans-serif;\">Des r\u00e9serves expresses sont formul\u00e9es au sens de l'article 4 de la directive (UE) 2019\/790 du Parlement europ\u00e9en et du Conseil du 17 avril 2019 relative au droit d'auteur et aux droits voisins dans le march\u00e9 unique num\u00e9rique et modifiant les directives 96\/9\/CE et 2001\/29\/CE (\"<b>Directive ADEM<\/b>\"), telle que transpos\u00e9e en droit national belge, en ce qui concerne toute reproduction et extraction d'\u0153uvres l\u00e9galement accessibles et d'autres mat\u00e9riels \u00e0 des fins d'exploration de textes et de donn\u00e9es. Sans pr\u00e9judice de l'article 3 de la directive ADEM, ces reproductions et extractions sont express\u00e9ment interdites si le consentement des titulaires de droits n'a pas \u00e9t\u00e9 obtenu.<\/span><span style=\"font-size: 10pt; font-family: Arial, sans-serif;\">qui a \u00e9galement \u00e9t\u00e9 incluse dans les m\u00e9tadonn\u00e9es de ce site web gr\u00e2ce \u00e0 la mise en \u0153uvre d'un\u00a0<\/span><\/span><a href=\"https:\/\/www.confianz.eu\/tdm-licensing\/\" target=\"_blank\" rel=\"noopener\">Protocole TDMRep.<\/a><span style=\"color: #333333;\"><span style=\"font-size: 10pt; font-family: Arial, sans-serif;\">\u00a0<\/span><span style=\"font-size: 10pt; font-family: Arial, sans-serif;\">Renomm\u00e9e z<\/span><span style=\"font-size: 10pt; font-family: Arial, sans-serif;\">oek machines<\/span><span style=\"font-size: 10pt; font-family: Arial, sans-serif;\">\u00a0Les outils de GenAI r\u00e9put\u00e9s, tels que Google ou Bing, sont r\u00e9put\u00e9s avoir obtenu cette autorisation, sauf indication contraire de la part des titulaires de droits. Les outils GenAI r\u00e9put\u00e9s, tels que Google Bard ou ChatGPT, sont \u00e9galement r\u00e9put\u00e9s avoir obtenu cette autorisation, sauf indication contraire des titulaires de droits, \u00e0 condition qu'ils (i) soient destin\u00e9s \u00e0 un usage g\u00e9n\u00e9ral et ne soient pas limit\u00e9s \u00e0 l'immobilier ou aux questions de succession ou d'\u00e9migration et (ii) ne soient pas mis en \u0153uvre ou utilis\u00e9s, quelle que soit la technique employ\u00e9e, sur le site web d'un tiers autre que le fournisseur de l'outil GenAI r\u00e9put\u00e9.<\/span><\/span><u><\/u><u><\/u><\/p><div class=\"yj6qo ajU\" style=\"cursor: pointer; outline: none; padding: 10px 0px; width: 22px; margin: 2px 0px 0px; color: #222222; font-family: Arial, Helvetica, sans-serif; font-size: small;\">\u00a0<\/div>\t\t\t\t\t\t\t\t<\/div>\n\t\t\t\t<\/div>\n\t\t\t\t\t<\/div>\n\t\t<\/div>\n\t\t\t\t\t<\/div>\n\t\t<\/section>\n\t\t\t\t<\/div>","protected":false},"excerpt":{"rendered":"<p>Algemene voorwaarden Bekijk de algemene voorwaarden van Confianz &#8211;\u00a0 buitenland. Bekijk de algemene voorwaarden van Confianz &#8211; binnenland. Bekijk de Privacy Verklaring van Confianz.\u00a0 Websitegebruik De\u00a0bron- en doelcode alsook de\u00a0inhoud van deze website geniet auteursrechtelijke bescherming\u00a0en delen van de website zijn mogelijks ook beschermd door andere intellectuele eigendomsrechten,\u00a0en\u00a0mogen in beide gevallen\u00a0niet overgenomen worden zonder schriftelijke [&hellip;]<\/p>\n","protected":false},"author":1,"featured_media":0,"parent":0,"menu_order":0,"comment_status":"closed","ping_status":"closed","template":"","meta":{"_acf_changed":false,"footnotes":""},"class_list":["post-29532","page","type-page","status-publish","hentry"],"acf":[],"_links":{"self":[{"href":"https:\/\/www.confianz.be\/fr\/wp-json\/wp\/v2\/pages\/29532","targetHints":{"allow":["GET"]}}],"collection":[{"href":"https:\/\/www.confianz.be\/fr\/wp-json\/wp\/v2\/pages"}],"about":[{"href":"https:\/\/www.confianz.be\/fr\/wp-json\/wp\/v2\/types\/page"}],"author":[{"embeddable":true,"href":"https:\/\/www.confianz.be\/fr\/wp-json\/wp\/v2\/users\/1"}],"replies":[{"embeddable":true,"href":"https:\/\/www.confianz.be\/fr\/wp-json\/wp\/v2\/comments?post=29532"}],"version-history":[{"count":64,"href":"https:\/\/www.confianz.be\/fr\/wp-json\/wp\/v2\/pages\/29532\/revisions"}],"predecessor-version":[{"id":31252,"href":"https:\/\/www.confianz.be\/fr\/wp-json\/wp\/v2\/pages\/29532\/revisions\/31252"}],"wp:attachment":[{"href":"https:\/\/www.confianz.be\/fr\/wp-json\/wp\/v2\/media?parent=29532"}],"curies":[{"name":"wp","href":"https:\/\/api.w.org\/{rel}","templated":true}]}}