{"id":29440,"date":"2023-03-19T12:53:54","date_gmt":"2023-03-19T11:53:54","guid":{"rendered":"https::\/\/www.confianz.be\/?page_id=29440"},"modified":"2023-03-19T13:01:43","modified_gmt":"2023-03-19T12:01:43","slug":"droit-de-lenvironnement","status":"publish","type":"page","link":"https:\/\/www.confianz.be\/fr\/omgevingsrecht\/","title":{"rendered":"Avocats sp\u00e9cialis\u00e9s en droit de l'environnement"},"content":{"rendered":"<div data-elementor-type=\"wp-page\" data-elementor-id=\"29440\" class=\"elementor elementor-29440\" data-elementor-post-type=\"page\">\n\t\t\t\t\t\t<section data-dce-background-overlay-color=\"#22559C22\" data-dce-background-image-url=\"https:\/\/www.confianz.be\/app\/uploads\/2023\/03\/omgevingsrecht-huis.jpg\" class=\"elementor-section elementor-top-section elementor-element elementor-element-59ec6b5a elementor-section-height-min-height elementor-section-boxed elementor-section-height-default elementor-section-items-middle\" data-id=\"59ec6b5a\" data-element_type=\"section\" data-e-type=\"section\" data-settings=\"{&quot;background_background&quot;:&quot;classic&quot;}\">\n\t\t\t\t\t\t\t<div class=\"elementor-background-overlay\"><\/div>\n\t\t\t\t\t\t\t<div class=\"elementor-container elementor-column-gap-default\">\n\t\t\t\t\t<div class=\"elementor-column elementor-col-100 elementor-top-column elementor-element elementor-element-73d922a0\" data-id=\"73d922a0\" data-element_type=\"column\" data-e-type=\"column\">\n\t\t\t<div class=\"elementor-widget-wrap elementor-element-populated\">\n\t\t\t\t\t\t<div class=\"elementor-element elementor-element-66331cf elementor-widget elementor-widget-heading\" data-id=\"66331cf\" data-element_type=\"widget\" data-e-type=\"widget\" data-widget_type=\"heading.default\">\n\t\t\t\t<div class=\"elementor-widget-container\">\n\t\t\t\t\t<h1 class=\"elementor-heading-title elementor-size-default\">Avocats sp\u00e9cialis\u00e9s en droit de l'environnement<\/h1>\t\t\t\t<\/div>\n\t\t\t\t<\/div>\n\t\t\t\t\t<\/div>\n\t\t<\/div>\n\t\t\t\t\t<\/div>\n\t\t<\/section>\n\t\t\t\t<section class=\"elementor-section elementor-top-section elementor-element elementor-element-9542fbf elementor-section-boxed elementor-section-height-default elementor-section-height-default\" data-id=\"9542fbf\" data-element_type=\"section\" data-e-type=\"section\">\n\t\t\t\t\t\t<div class=\"elementor-container elementor-column-gap-default\">\n\t\t\t\t\t<div class=\"elementor-column elementor-col-100 elementor-top-column elementor-element elementor-element-d0c868c animated-fast elementor-invisible\" data-id=\"d0c868c\" data-element_type=\"column\" data-e-type=\"column\" data-settings=\"{&quot;animation&quot;:&quot;subtleFadeInUp&quot;}\">\n\t\t\t<div class=\"elementor-widget-wrap elementor-element-populated\">\n\t\t\t\t\t\t<div class=\"elementor-element elementor-element-edfae78 elementor-widget elementor-widget-text-editor\" data-id=\"edfae78\" data-element_type=\"widget\" data-e-type=\"widget\" data-widget_type=\"text-editor.default\">\n\t\t\t\t<div class=\"elementor-widget-container\">\n\t\t\t\t\t\t\t\t\t<p>Vous travaillez \u00e0 la r\u00e9alisation d'un projet immobilier ? Notre avocat sp\u00e9cialis\u00e9 en droit de l'environnement vous assiste dans tous les aspects de l'urbanisme en Flandre.<\/p>\t\t\t\t\t\t\t\t<\/div>\n\t\t\t\t<\/div>\n\t\t\t\t<div class=\"elementor-element elementor-element-b49f739 elementor-blockquote--skin-border elementor-widget elementor-widget-blockquote\" data-id=\"b49f739\" data-element_type=\"widget\" data-e-type=\"widget\" data-widget_type=\"blockquote.default\">\n\t\t\t\t<div class=\"elementor-widget-container\">\n\t\t\t\t\t\t\t<blockquote class=\"elementor-blockquote\">\n\t\t\t<p class=\"elementor-blockquote__content\">\n\t\t\t\tNos services se caract\u00e9risent par trois termes : <strong>guider - pr\u00e9venir - plaider<\/strong>. Confianz traite les dossiers de droit de l'environnement pour l'ensemble de la Flandre.\t\t\t<\/p>\n\t\t\t\t\t<\/blockquote>\n\t\t\t\t\t\t<\/div>\n\t\t\t\t<\/div>\n\t\t\t\t\t<\/div>\n\t\t<\/div>\n\t\t\t\t\t<\/div>\n\t\t<\/section>\n\t\t\t\t<section class=\"elementor-section elementor-top-section elementor-element elementor-element-89748a8 elementor-section-boxed elementor-section-height-default elementor-section-height-default\" data-id=\"89748a8\" data-element_type=\"section\" data-e-type=\"section\">\n\t\t\t\t\t\t<div class=\"elementor-container elementor-column-gap-default\">\n\t\t\t\t\t<div class=\"elementor-column elementor-col-50 elementor-top-column elementor-element elementor-element-c6ceaef animated-fast elementor-invisible\" data-id=\"c6ceaef\" data-element_type=\"column\" data-e-type=\"column\" data-settings=\"{&quot;animation&quot;:&quot;subtleFadeInLeft&quot;,&quot;animation_delay&quot;:100,&quot;animation_mobile&quot;:&quot;subtleFadeInUp&quot;}\">\n\t\t\t<div class=\"elementor-widget-wrap elementor-element-populated\">\n\t\t\t\t\t\t<div class=\"elementor-element elementor-element-438c267 elementor-widget elementor-widget-heading\" data-id=\"438c267\" data-element_type=\"widget\" data-e-type=\"widget\" data-widget_type=\"heading.default\">\n\t\t\t\t<div class=\"elementor-widget-container\">\n\t\t\t\t\t<h2 class=\"elementor-heading-title elementor-size-default\">1. Orientations relatives aux demandes d'autorisation<\/h2>\t\t\t\t<\/div>\n\t\t\t\t<\/div>\n\t\t\t\t<div class=\"elementor-element elementor-element-1001986 elementor-widget elementor-widget-text-editor\" data-id=\"1001986\" data-element_type=\"widget\" data-e-type=\"widget\" data-widget_type=\"text-editor.default\">\n\t\t\t\t<div class=\"elementor-widget-container\">\n\t\t\t\t\t\t\t\t\t<p>En tant que sp\u00e9cialistes du droit de l'environnement, nous examinons<strong>\u00a0<\/strong>les demandes de permis afin d'\u00e9viter qu'une proc\u00e9dure ne s'enlise. Il s'agit, par exemple, de consulter les municipalit\u00e9s et les organes consultatifs, de lever les objections du voisinage et de travailler avec des experts externes tels qu'un g\u00e9om\u00e8tre ou un architecte.<\/p>\n<p><strong><a href=\"https:\/\/www.confianz.be\/fr\/2020\/12\/28\/demandes-de-permis\/\">Vous trouverez ici les diff\u00e9rentes \u00e9tapes de la demande de permis environnemental.<\/a><\/strong><\/p>\t\t\t\t\t\t\t\t<\/div>\n\t\t\t\t<\/div>\n\t\t\t\t<div class=\"elementor-element elementor-element-f78cf3d elementor-widget elementor-widget-heading\" data-id=\"f78cf3d\" data-element_type=\"widget\" data-e-type=\"widget\" data-widget_type=\"heading.default\">\n\t\t\t\t<div class=\"elementor-widget-container\">\n\t\t\t\t\t<h2 class=\"elementor-heading-title elementor-size-default\">2. Assistance en cas de refus de permis environnemental<\/h2>\t\t\t\t<\/div>\n\t\t\t\t<\/div>\n\t\t\t\t<div class=\"elementor-element elementor-element-2dcd4d5 elementor-widget elementor-widget-text-editor\" data-id=\"2dcd4d5\" data-element_type=\"widget\" data-e-type=\"widget\" data-widget_type=\"text-editor.default\">\n\t\t\t\t<div class=\"elementor-widget-container\">\n\t\t\t\t\t\t\t\t\t<p>Votre permis environnemental a \u00e9t\u00e9 refus\u00e9 ? Cela ne signifie pas que votre projet est termin\u00e9. Vous ne devez pas non plus vous r\u00e9signer. Nous pouvons vous aider \u00e0 vous d\u00e9fendre.<\/p>\n<p><strong><a href=\"https:\/\/www.confianz.be\/fr\/2021\/02\/08\/refus-du-permis-de-construire\/\">Quelles sont vos options en cas de refus d'autorisation ?<\/a><\/strong><\/p>\t\t\t\t\t\t\t\t<\/div>\n\t\t\t\t<\/div>\n\t\t\t\t\t<\/div>\n\t\t<\/div>\n\t\t\t\t<div class=\"elementor-column elementor-col-50 elementor-top-column elementor-element elementor-element-82226cc animated-fast elementor-invisible\" data-id=\"82226cc\" data-element_type=\"column\" data-e-type=\"column\" data-settings=\"{&quot;animation&quot;:&quot;subtleFadeInRight&quot;,&quot;animation_mobile&quot;:&quot;subtleFadeInUp&quot;}\">\n\t\t\t<div class=\"elementor-widget-wrap elementor-element-populated\">\n\t\t\t\t\t\t<div class=\"elementor-element elementor-element-14efc71 elementor-widget elementor-widget-heading\" data-id=\"14efc71\" data-element_type=\"widget\" data-e-type=\"widget\" data-widget_type=\"heading.default\">\n\t\t\t\t<div class=\"elementor-widget-container\">\n\t\t\t\t\t<h2 class=\"elementor-heading-title elementor-size-default\">3. Objections et recours<\/h2>\t\t\t\t<\/div>\n\t\t\t\t<\/div>\n\t\t\t\t<div class=\"elementor-element elementor-element-36ab8a1 elementor-widget elementor-widget-text-editor\" data-id=\"36ab8a1\" data-element_type=\"widget\" data-e-type=\"widget\" data-widget_type=\"text-editor.default\">\n\t\t\t\t<div class=\"elementor-widget-container\">\n\t\t\t\t\t\t\t\t\t<p>Notre avocat en droit de l'environnement d\u00e9fend vos int\u00e9r\u00eats et vous assiste dans les litiges en mati\u00e8re d'urbanisme et dans les proc\u00e9dures relatives aux permis individuels en Flandre. En tant qu'avocat sp\u00e9cialis\u00e9 en d\u00e9veloppement urbain, nous pouvons \u00e9galement vous aider dans les domaines suivants\u00a0<strong>recours<\/strong>\u00a0avec la province et le Licensing Disputes Board.<\/p>\n<p><strong><a href=\"https:\/\/www.confianz.be\/fr\/2020\/12\/11\/contester-un-permis-de-construire-3-conseils-pratiques\/\">En savoir plus sur les \u00e9tapes de la contestation d'un permis environnemental<\/a><\/strong>.<\/p>\t\t\t\t\t\t\t\t<\/div>\n\t\t\t\t<\/div>\n\t\t\t\t<div class=\"elementor-element elementor-element-361e46f elementor-widget elementor-widget-heading\" data-id=\"361e46f\" data-element_type=\"widget\" data-e-type=\"widget\" data-widget_type=\"heading.default\">\n\t\t\t\t<div class=\"elementor-widget-container\">\n\t\t\t\t\t<h2 class=\"elementor-heading-title elementor-size-default\">4. Diligence raisonnable en mati\u00e8re immobili\u00e8re<\/h2>\t\t\t\t<\/div>\n\t\t\t\t<\/div>\n\t\t\t\t<div class=\"elementor-element elementor-element-8b6112b elementor-widget elementor-widget-text-editor\" data-id=\"8b6112b\" data-element_type=\"widget\" data-e-type=\"widget\" data-widget_type=\"text-editor.default\">\n\t\t\t\t<div class=\"elementor-widget-container\">\n\t\t\t\t\t\t\t\t\t<p>Confianz vous aide \u00e0 faire preuve de diligence raisonnable en ce qui concerne l'aspect urbanistique des investissements immobiliers en Flandre. Quels sont les probl\u00e8mes qui peuvent survenir \u00e0 la suite des travaux de transformation pr\u00e9vus ou de la nouvelle destination que vous souhaitez donner \u00e0 votre bien immobilier ? Notre juriste en urbanisme vous conseille sur la faisabilit\u00e9 de votre projet avant l'achat d\u00e9finitif.<\/p>\n<p><strong><a href=\"https:\/\/www.confianz.be\/fr\/2021\/01\/13\/recherche-sur-le-developpement-urbain-en-flandre\/\">Qu'est-ce que la due diligence immobili\u00e8re ou la recherche en mati\u00e8re d'urbanisme ?<\/a><\/strong><\/p>\t\t\t\t\t\t\t\t<\/div>\n\t\t\t\t<\/div>\n\t\t\t\t\t<\/div>\n\t\t<\/div>\n\t\t\t\t\t<\/div>\n\t\t<\/section>\n\t\t\t\t<\/div>","protected":false},"excerpt":{"rendered":"<p>Advocaten omgevingsrecht Werkt u aan de realisatie van een vastgoedproject? Onze advocaat omgevingsrecht staat u bij met alle stedenbouwkundige aspecten in Vlaanderen. Onze dienstverlening kenmerkt zich door drie termen: begeleiden \u2013 voorkomen \u2013 procederen. Confianz behandelt dossiers omgevingsrecht voor heel Vlaanderen. 1. Begeleiding van vergunningsaanvragen Als specialisten omgevingsrecht screenen we\u00a0vergunningsaanvragen om zo te vermijden dat [&hellip;]<\/p>\n","protected":false},"author":1,"featured_media":0,"parent":0,"menu_order":0,"comment_status":"closed","ping_status":"closed","template":"","meta":{"_acf_changed":false,"footnotes":""},"class_list":["post-29440","page","type-page","status-publish","hentry"],"acf":[],"_links":{"self":[{"href":"https:\/\/www.confianz.be\/fr\/wp-json\/wp\/v2\/pages\/29440","targetHints":{"allow":["GET"]}}],"collection":[{"href":"https:\/\/www.confianz.be\/fr\/wp-json\/wp\/v2\/pages"}],"about":[{"href":"https:\/\/www.confianz.be\/fr\/wp-json\/wp\/v2\/types\/page"}],"author":[{"embeddable":true,"href":"https:\/\/www.confianz.be\/fr\/wp-json\/wp\/v2\/users\/1"}],"replies":[{"embeddable":true,"href":"https:\/\/www.confianz.be\/fr\/wp-json\/wp\/v2\/comments?post=29440"}],"version-history":[{"count":7,"href":"https:\/\/www.confianz.be\/fr\/wp-json\/wp\/v2\/pages\/29440\/revisions"}],"predecessor-version":[{"id":29448,"href":"https:\/\/www.confianz.be\/fr\/wp-json\/wp\/v2\/pages\/29440\/revisions\/29448"}],"wp:attachment":[{"href":"https:\/\/www.confianz.be\/fr\/wp-json\/wp\/v2\/media?parent=29440"}],"curies":[{"name":"wp","href":"https:\/\/api.w.org\/{rel}","templated":true}]}}